{"id":1784,"date":"2024-09-15T13:04:31","date_gmt":"2024-09-15T09:34:31","guid":{"rendered":"https:\/\/www.iranrynok.com\/agricultural-products\/"},"modified":"2024-10-31T05:21:36","modified_gmt":"2024-10-31T01:51:36","slug":"agricultural-products","status":"publish","type":"page","link":"https:\/\/www.iranrynok.com\/en\/agricultural-products\/","title":{"rendered":"Agricultural products<br>"},"content":{"rendered":"\t\t<div data-elementor-type=\"wp-page\" data-elementor-id=\"1784\" class=\"elementor elementor-1784 elementor-1606\">\n\t\t\t\t<div class=\"elementor-element elementor-element-8ea7a67 e-flex e-con-boxed e-con e-parent\" data-id=\"8ea7a67\" data-element_type=\"container\">\n\t\t\t\t\t<div class=\"e-con-inner\">\n\t\t<div class=\"elementor-element elementor-element-0733500 e-con-full e-flex e-con e-child\" data-id=\"0733500\" data-element_type=\"container\">\n\t\t\t\t<div class=\"elementor-element elementor-element-959e6cd elementor-widget-divider--view-line ahura-dark-mode-filter-texts-no elementor-widget elementor-widget-divider\" data-id=\"959e6cd\" data-element_type=\"widget\" data-widget_type=\"divider.default\">\n\t\t\t\t<div class=\"elementor-widget-container\">\n\t\t\t\t\t<div class=\"elementor-divider\">\n\t\t\t<span class=\"elementor-divider-separator\">\n\t\t\t\t\t\t<\/span>\n\t\t<\/div>\n\t\t\t\t<\/div>\n\t\t\t\t<\/div>\n\t\t\t\t<div class=\"elementor-element elementor-element-8a77c15 ahura-dark-mode-filter-texts-no elementor-widget elementor-widget-heading\" data-id=\"8a77c15\" data-element_type=\"widget\" data-widget_type=\"heading.default\">\n\t\t\t\t<div class=\"elementor-widget-container\">\n\t\t\t<h2 class=\"elementor-heading-title elementor-size-default\">Iran Rynok<\/h2>\t\t<\/div>\n\t\t\t\t<\/div>\n\t\t\t\t<div class=\"elementor-element elementor-element-513c29c elementor-widget__width-initial elementor-widget-divider--separator-type-pattern elementor-widget-divider--no-spacing elementor-widget-divider--view-line ahura-dark-mode-filter-texts-no elementor-widget elementor-widget-divider\" data-id=\"513c29c\" data-element_type=\"widget\" data-widget_type=\"divider.default\">\n\t\t\t\t<div class=\"elementor-widget-container\">\n\t\t\t\t\t<div class=\"elementor-divider\" style=\"--divider-pattern-url: url(&quot;data:image\/svg+xml,%3Csvg xmlns=&#039;http:\/\/www.w3.org\/2000\/svg&#039; preserveAspectRatio=&#039;none&#039; overflow=&#039;visible&#039; height=&#039;100%&#039; viewBox=&#039;0 0 24 24&#039; fill=&#039;black&#039; stroke=&#039;none&#039;%3E%3Cpath d=&#039;M24,8v12H0V8H24z M24,4v1H0V4H24z&#039;\/%3E%3C\/svg%3E&quot;);\">\n\t\t\t<span class=\"elementor-divider-separator\">\n\t\t\t\t\t\t<\/span>\n\t\t<\/div>\n\t\t\t\t<\/div>\n\t\t\t\t<\/div>\n\t\t\t\t<div class=\"elementor-element elementor-element-6e72975 ahura-dark-mode-filter-texts-no elementor-widget elementor-widget-heading\" data-id=\"6e72975\" data-element_type=\"widget\" data-widget_type=\"heading.default\">\n\t\t\t\t<div class=\"elementor-widget-container\">\n\t\t\t<h2 class=\"elementor-heading-title elementor-size-default\">Always reliable...<br> <br><\/h2>\t\t<\/div>\n\t\t\t\t<\/div>\n\t\t<div class=\"elementor-element elementor-element-a5241fb e-con-full e-flex e-con e-child\" data-id=\"a5241fb\" data-element_type=\"container\">\n\t\t\t\t<div class=\"elementor-element elementor-element-aa81680 ahura-dark-mode-filter-texts-no elementor-widget elementor-widget-image\" data-id=\"aa81680\" data-element_type=\"widget\" data-widget_type=\"image.default\">\n\t\t\t\t<div class=\"elementor-widget-container\">\n\t\t\t\t\t\t\t\t\t\t\t\t\t<img fetchpriority=\"high\" decoding=\"async\" width=\"1024\" height=\"1024\" src=\"https:\/\/www.iranrynok.com\/wp-content\/uploads\/2024\/09\/ec7c1b42-a418-4c9b-b3e3-c8a96092b51f.webp\" class=\"attachment-large size-large wp-image-1785\" alt=\"\" srcset=\"https:\/\/www.iranrynok.com\/wp-content\/uploads\/2024\/09\/ec7c1b42-a418-4c9b-b3e3-c8a96092b51f.webp 1024w, https:\/\/www.iranrynok.com\/wp-content\/uploads\/2024\/09\/ec7c1b42-a418-4c9b-b3e3-c8a96092b51f-150x150.webp 150w, https:\/\/www.iranrynok.com\/wp-content\/uploads\/2024\/09\/ec7c1b42-a418-4c9b-b3e3-c8a96092b51f-768x768.webp 768w, https:\/\/www.iranrynok.com\/wp-content\/uploads\/2024\/09\/ec7c1b42-a418-4c9b-b3e3-c8a96092b51f-250x250.webp 250w, https:\/\/www.iranrynok.com\/wp-content\/uploads\/2024\/09\/ec7c1b42-a418-4c9b-b3e3-c8a96092b51f-100x100.webp 100w, https:\/\/www.iranrynok.com\/wp-content\/uploads\/2024\/09\/ec7c1b42-a418-4c9b-b3e3-c8a96092b51f-300x300.webp 300w, https:\/\/www.iranrynok.com\/wp-content\/uploads\/2024\/09\/ec7c1b42-a418-4c9b-b3e3-c8a96092b51f-600x600.webp 600w\" sizes=\"(max-width: 1024px) 100vw, 1024px\" \/>\t\t\t\t\t\t\t\t\t\t\t\t\t<\/div>\n\t\t\t\t<\/div>\n\t\t\t\t<div class=\"elementor-element elementor-element-88664c0 ahura-dark-mode-filter-texts-no elementor-widget elementor-widget-text-editor\" data-id=\"88664c0\" data-element_type=\"widget\" data-widget_type=\"text-editor.default\">\n\t\t\t\t<div class=\"elementor-widget-container\">\n\t\t\t\t\t\t\t<h1><strong>Fresh and high-quality agricultural products from Iran Rynok<br \/><\/strong><\/h1>\n<h1>At Iran Rynok, we take pride in offering fresh and high-quality agricultural products from the best farms in Iran. We pay special attention to sourcing and delivering agricultural products that meet the highest quality standards to ensure your satisfaction. Below, we&#8217;ll take a look at some of our standout products:<br \/>  <\/h1>\n<ul>\n<li>\n<h1><strong>Fresh fruits:<\/strong> Apples, oranges, pomegranates, kiwis, and strawberries that are carefully selected and have a unique taste and aroma.<\/h1>\n<\/li>\n<li>\n<h1><strong>Fresh vegetables:<\/strong> Tomatoes, cucumbers, bell peppers, lettuce, and carrots, provided using the freshest harvesting and packaging methods.<\/h1>\n<\/li>\n<li>\n<h1><strong>Tah\u0131llar ve baklagiller<\/strong>: Pirin\u00e7, mercimek, nohut ve fasulye, en iyi \u00e7iftliklerden \u00fcretilmi\u015f ve \u00e7e\u015fitli yemeklerde kullan\u0131lmaya haz\u0131r.<\/p>\n<\/h1>\n<\/li>\n<\/ul>\n<h1>Using an advanced and efficient logistics system, we ensure that your products arrive in the best condition. Our logistics team operates with precise management and up-to-date equipment to maintain the freshness and quality of the products and deliver them to their destination in the shortest possible time.<br \/> <\/h1>\n<h1>Iran Rynok is committed to quality and precision in delivering its services. We assure you that with us, you will have a unique and confident experience in purchasing agricultural products. You will not regret choosing Iran Rynok as your business partner.<br \/>  <\/h1>\n\t\t\t\t\t\t<\/div>\n\t\t\t\t<\/div>\n\t\t\t\t<div class=\"elementor-element elementor-element-abad3ef ahura-dark-mode-filter-texts-no elementor-widget elementor-widget-button\" data-id=\"abad3ef\" data-element_type=\"widget\" data-widget_type=\"button.default\">\n\t\t\t\t<div class=\"elementor-widget-container\">\n\t\t\t\t\t<div class=\"elementor-button-wrapper\">\n\t\t\t<a class=\"elementor-button elementor-button-link elementor-size-sm\" href=\"https:\/\/wa.me\/+989214560201\">\n\t\t\t\t\t\t<span class=\"elementor-button-content-wrapper\">\n\t\t\t\t\t\t\t\t\t<span class=\"elementor-button-text\">Price Inquiry and Product Analysis<br><\/span>\n\t\t\t\t\t<\/span>\n\t\t\t\t\t<\/a>\n\t\t<\/div>\n\t\t\t\t<\/div>\n\t\t\t\t<\/div>\n\t\t\t\t<\/div>\n\t\t\t\t<\/div>\n\t\t\t\t\t<\/div>\n\t\t\t\t<\/div>\n\t\t\t\t<\/div>\n\t\t","protected":false},"excerpt":{"rendered":"<p>Iran Rynok Always reliable&#8230; Fresh and high-quality agricultural products from Iran Rynok At Iran Rynok, we take pride in offering fresh and high-quality agricultural products from the best farms in&#8230;<\/p>\n","protected":false},"author":1,"featured_media":0,"parent":0,"menu_order":0,"comment_status":"closed","ping_status":"closed","template":"elementor_header_footer","meta":{"om_disable_all_campaigns":false,"_uf_show_specific_survey":0,"_uf_disable_surveys":false,"footnotes":""},"class_list":["post-1784","page","type-page","status-publish","hentry"],"aioseo_notices":[],"yoast_head":"<!-- This site is optimized with the Yoast SEO plugin v24.0 - https:\/\/yoast.com\/wordpress\/plugins\/seo\/ -->\n<title>Agricultural products - IRAN RYNOK<\/title>\n<meta name=\"robots\" content=\"index, follow, max-snippet:-1, max-image-preview:large, max-video-preview:-1\" \/>\n<link rel=\"canonical\" href=\"https:\/\/www.iranrynok.com\/en\/agricultural-products\/\" \/>\n<meta property=\"og:locale\" content=\"en_US\" \/>\n<meta property=\"og:type\" content=\"article\" \/>\n<meta property=\"og:title\" content=\"Agricultural products - IRAN RYNOK\" \/>\n<meta property=\"og:description\" content=\"Iran Rynok Always reliable&#8230; Fresh and high-quality agricultural products from Iran Rynok At Iran Rynok, we take pride in offering fresh and high-quality agricultural products from the best farms in...\" \/>\n<meta property=\"og:url\" content=\"https:\/\/www.iranrynok.com\/en\/agricultural-products\/\" \/>\n<meta property=\"og:site_name\" content=\"IRAN RYNOK\" \/>\n<meta property=\"article:modified_time\" content=\"2024-10-31T01:51:36+00:00\" \/>\n<meta property=\"og:image\" content=\"https:\/\/www.iranrynok.com\/wp-content\/uploads\/2024\/09\/ec7c1b42-a418-4c9b-b3e3-c8a96092b51f.webp\" \/>\n\t<meta property=\"og:image:width\" content=\"1024\" \/>\n\t<meta property=\"og:image:height\" content=\"1024\" \/>\n\t<meta property=\"og:image:type\" content=\"image\/webp\" \/>\n<meta name=\"twitter:card\" content=\"summary_large_image\" \/>\n<meta name=\"twitter:label1\" content=\"Est. reading time\" \/>\n\t<meta name=\"twitter:data1\" content=\"1 minute\" \/>\n<script type=\"application\/ld+json\" class=\"yoast-schema-graph\">{\"@context\":\"https:\/\/schema.org\",\"@graph\":[{\"@type\":\"WebPage\",\"@id\":\"https:\/\/www.iranrynok.com\/en\/agricultural-products\/\",\"url\":\"https:\/\/www.iranrynok.com\/en\/agricultural-products\/\",\"name\":\"Agricultural products - IRAN RYNOK\",\"isPartOf\":{\"@id\":\"https:\/\/www.iranrynok.com\/en\/#website\"},\"primaryImageOfPage\":{\"@id\":\"https:\/\/www.iranrynok.com\/en\/agricultural-products\/#primaryimage\"},\"image\":{\"@id\":\"https:\/\/www.iranrynok.com\/en\/agricultural-products\/#primaryimage\"},\"thumbnailUrl\":\"https:\/\/www.iranrynok.com\/wp-content\/uploads\/2024\/09\/ec7c1b42-a418-4c9b-b3e3-c8a96092b51f.webp\",\"datePublished\":\"2024-09-15T09:34:31+00:00\",\"dateModified\":\"2024-10-31T01:51:36+00:00\",\"breadcrumb\":{\"@id\":\"https:\/\/www.iranrynok.com\/en\/agricultural-products\/#breadcrumb\"},\"inLanguage\":\"en-US\",\"potentialAction\":[{\"@type\":\"ReadAction\",\"target\":[\"https:\/\/www.iranrynok.com\/en\/agricultural-products\/\"]}]},{\"@type\":\"ImageObject\",\"inLanguage\":\"en-US\",\"@id\":\"https:\/\/www.iranrynok.com\/en\/agricultural-products\/#primaryimage\",\"url\":\"https:\/\/www.iranrynok.com\/wp-content\/uploads\/2024\/09\/ec7c1b42-a418-4c9b-b3e3-c8a96092b51f.webp\",\"contentUrl\":\"https:\/\/www.iranrynok.com\/wp-content\/uploads\/2024\/09\/ec7c1b42-a418-4c9b-b3e3-c8a96092b51f.webp\"},{\"@type\":\"BreadcrumbList\",\"@id\":\"https:\/\/www.iranrynok.com\/en\/agricultural-products\/#breadcrumb\",\"itemListElement\":[{\"@type\":\"ListItem\",\"position\":1,\"name\":\"\u062e\u0627\u0646\u0647\",\"item\":\"https:\/\/www.iranrynok.com\/en\/home-page\/\"},{\"@type\":\"ListItem\",\"position\":2,\"name\":\"Agricultural products\"}]},{\"@type\":\"WebSite\",\"@id\":\"https:\/\/www.iranrynok.com\/en\/#website\",\"url\":\"https:\/\/www.iranrynok.com\/en\/\",\"name\":\"Iran Rynok\",\"description\":\"Everything You Need |  Export, Import &amp; Logistics\",\"publisher\":{\"@id\":\"https:\/\/www.iranrynok.com\/en\/#organization\"},\"potentialAction\":[{\"@type\":\"SearchAction\",\"target\":{\"@type\":\"EntryPoint\",\"urlTemplate\":\"https:\/\/www.iranrynok.com\/en\/?s={search_term_string}\"},\"query-input\":{\"@type\":\"PropertyValueSpecification\",\"valueRequired\":true,\"valueName\":\"search_term_string\"}}],\"inLanguage\":\"en-US\"},{\"@type\":\"Organization\",\"@id\":\"https:\/\/www.iranrynok.com\/en\/#organization\",\"name\":\"Iran Rynok\",\"url\":\"https:\/\/www.iranrynok.com\/en\/\",\"logo\":{\"@type\":\"ImageObject\",\"inLanguage\":\"en-US\",\"@id\":\"https:\/\/www.iranrynok.com\/en\/#\/schema\/logo\/image\/\",\"url\":\"https:\/\/www.iranrynok.com\/wp-content\/uploads\/2024\/12\/cropped-Untitled-1.jpg\",\"contentUrl\":\"https:\/\/www.iranrynok.com\/wp-content\/uploads\/2024\/12\/cropped-Untitled-1.jpg\",\"width\":512,\"height\":512,\"caption\":\"Iran Rynok\"},\"image\":{\"@id\":\"https:\/\/www.iranrynok.com\/en\/#\/schema\/logo\/image\/\"}}]}<\/script>\n<!-- \/ Yoast SEO plugin. -->","yoast_head_json":{"title":"Agricultural products - IRAN RYNOK","robots":{"index":"index","follow":"follow","max-snippet":"max-snippet:-1","max-image-preview":"max-image-preview:large","max-video-preview":"max-video-preview:-1"},"canonical":"https:\/\/www.iranrynok.com\/en\/agricultural-products\/","og_locale":"en_US","og_type":"article","og_title":"Agricultural products - IRAN RYNOK","og_description":"Iran Rynok Always reliable&#8230; Fresh and high-quality agricultural products from Iran Rynok At Iran Rynok, we take pride in offering fresh and high-quality agricultural products from the best farms in...","og_url":"https:\/\/www.iranrynok.com\/en\/agricultural-products\/","og_site_name":"IRAN RYNOK","article_modified_time":"2024-10-31T01:51:36+00:00","og_image":[{"width":1024,"height":1024,"url":"https:\/\/www.iranrynok.com\/wp-content\/uploads\/2024\/09\/ec7c1b42-a418-4c9b-b3e3-c8a96092b51f.webp","type":"image\/webp"}],"twitter_card":"summary_large_image","twitter_misc":{"Est. reading time":"1 minute"},"schema":{"@context":"https:\/\/schema.org","@graph":[{"@type":"WebPage","@id":"https:\/\/www.iranrynok.com\/en\/agricultural-products\/","url":"https:\/\/www.iranrynok.com\/en\/agricultural-products\/","name":"Agricultural products - IRAN RYNOK","isPartOf":{"@id":"https:\/\/www.iranrynok.com\/en\/#website"},"primaryImageOfPage":{"@id":"https:\/\/www.iranrynok.com\/en\/agricultural-products\/#primaryimage"},"image":{"@id":"https:\/\/www.iranrynok.com\/en\/agricultural-products\/#primaryimage"},"thumbnailUrl":"https:\/\/www.iranrynok.com\/wp-content\/uploads\/2024\/09\/ec7c1b42-a418-4c9b-b3e3-c8a96092b51f.webp","datePublished":"2024-09-15T09:34:31+00:00","dateModified":"2024-10-31T01:51:36+00:00","breadcrumb":{"@id":"https:\/\/www.iranrynok.com\/en\/agricultural-products\/#breadcrumb"},"inLanguage":"en-US","potentialAction":[{"@type":"ReadAction","target":["https:\/\/www.iranrynok.com\/en\/agricultural-products\/"]}]},{"@type":"ImageObject","inLanguage":"en-US","@id":"https:\/\/www.iranrynok.com\/en\/agricultural-products\/#primaryimage","url":"https:\/\/www.iranrynok.com\/wp-content\/uploads\/2024\/09\/ec7c1b42-a418-4c9b-b3e3-c8a96092b51f.webp","contentUrl":"https:\/\/www.iranrynok.com\/wp-content\/uploads\/2024\/09\/ec7c1b42-a418-4c9b-b3e3-c8a96092b51f.webp"},{"@type":"BreadcrumbList","@id":"https:\/\/www.iranrynok.com\/en\/agricultural-products\/#breadcrumb","itemListElement":[{"@type":"ListItem","position":1,"name":"\u062e\u0627\u0646\u0647","item":"https:\/\/www.iranrynok.com\/en\/home-page\/"},{"@type":"ListItem","position":2,"name":"Agricultural products"}]},{"@type":"WebSite","@id":"https:\/\/www.iranrynok.com\/en\/#website","url":"https:\/\/www.iranrynok.com\/en\/","name":"Iran Rynok","description":"Everything You Need |  Export, Import &amp; Logistics","publisher":{"@id":"https:\/\/www.iranrynok.com\/en\/#organization"},"potentialAction":[{"@type":"SearchAction","target":{"@type":"EntryPoint","urlTemplate":"https:\/\/www.iranrynok.com\/en\/?s={search_term_string}"},"query-input":{"@type":"PropertyValueSpecification","valueRequired":true,"valueName":"search_term_string"}}],"inLanguage":"en-US"},{"@type":"Organization","@id":"https:\/\/www.iranrynok.com\/en\/#organization","name":"Iran Rynok","url":"https:\/\/www.iranrynok.com\/en\/","logo":{"@type":"ImageObject","inLanguage":"en-US","@id":"https:\/\/www.iranrynok.com\/en\/#\/schema\/logo\/image\/","url":"https:\/\/www.iranrynok.com\/wp-content\/uploads\/2024\/12\/cropped-Untitled-1.jpg","contentUrl":"https:\/\/www.iranrynok.com\/wp-content\/uploads\/2024\/12\/cropped-Untitled-1.jpg","width":512,"height":512,"caption":"Iran Rynok"},"image":{"@id":"https:\/\/www.iranrynok.com\/en\/#\/schema\/logo\/image\/"}}]}},"_links":{"self":[{"href":"https:\/\/www.iranrynok.com\/en\/wp-json\/wp\/v2\/pages\/1784","targetHints":{"allow":["GET"]}}],"collection":[{"href":"https:\/\/www.iranrynok.com\/en\/wp-json\/wp\/v2\/pages"}],"about":[{"href":"https:\/\/www.iranrynok.com\/en\/wp-json\/wp\/v2\/types\/page"}],"author":[{"embeddable":true,"href":"https:\/\/www.iranrynok.com\/en\/wp-json\/wp\/v2\/users\/1"}],"replies":[{"embeddable":true,"href":"https:\/\/www.iranrynok.com\/en\/wp-json\/wp\/v2\/comments?post=1784"}],"version-history":[{"count":5,"href":"https:\/\/www.iranrynok.com\/en\/wp-json\/wp\/v2\/pages\/1784\/revisions"}],"predecessor-version":[{"id":1989,"href":"https:\/\/www.iranrynok.com\/en\/wp-json\/wp\/v2\/pages\/1784\/revisions\/1989"}],"wp:attachment":[{"href":"https:\/\/www.iranrynok.com\/en\/wp-json\/wp\/v2\/media?parent=1784"}],"curies":[{"name":"wp","href":"https:\/\/api.w.org\/{rel}","templated":true}]}}