{"id":1770,"date":"2024-09-15T15:44:12","date_gmt":"2024-09-15T12:14:12","guid":{"rendered":"https:\/\/www.iranrynok.com\/insaat-urunleri\/"},"modified":"2024-10-31T05:56:54","modified_gmt":"2024-10-31T02:26:54","slug":"insaat-urunleri","status":"publish","type":"page","link":"https:\/\/www.iranrynok.com\/tr\/insaat-urunleri\/","title":{"rendered":"\u0130n\u015faat \u00dcr\u00fcnleri<br> <br>"},"content":{"rendered":"\t\t<div data-elementor-type=\"wp-page\" data-elementor-id=\"1770\" class=\"elementor elementor-1770 elementor-1622\">\n\t\t\t\t<div class=\"elementor-element elementor-element-8ea7a67 e-flex e-con-boxed e-con e-parent\" data-id=\"8ea7a67\" data-element_type=\"container\">\n\t\t\t\t\t<div class=\"e-con-inner\">\n\t\t<div class=\"elementor-element elementor-element-0733500 e-con-full e-flex e-con e-child\" data-id=\"0733500\" data-element_type=\"container\">\n\t\t\t\t<div class=\"elementor-element elementor-element-959e6cd elementor-widget-divider--view-line ahura-dark-mode-filter-texts-no elementor-widget elementor-widget-divider\" data-id=\"959e6cd\" data-element_type=\"widget\" data-widget_type=\"divider.default\">\n\t\t\t\t<div class=\"elementor-widget-container\">\n\t\t\t\t\t<div class=\"elementor-divider\">\n\t\t\t<span class=\"elementor-divider-separator\">\n\t\t\t\t\t\t<\/span>\n\t\t<\/div>\n\t\t\t\t<\/div>\n\t\t\t\t<\/div>\n\t\t\t\t<div class=\"elementor-element elementor-element-8a77c15 ahura-dark-mode-filter-texts-no elementor-widget elementor-widget-heading\" data-id=\"8a77c15\" data-element_type=\"widget\" data-widget_type=\"heading.default\">\n\t\t\t\t<div class=\"elementor-widget-container\">\n\t\t\t<h2 class=\"elementor-heading-title elementor-size-default\">Iran Rynok<\/h2>\t\t<\/div>\n\t\t\t\t<\/div>\n\t\t\t\t<div class=\"elementor-element elementor-element-513c29c elementor-widget__width-initial elementor-widget-divider--separator-type-pattern elementor-widget-divider--no-spacing elementor-widget-divider--view-line ahura-dark-mode-filter-texts-no elementor-widget elementor-widget-divider\" data-id=\"513c29c\" data-element_type=\"widget\" data-widget_type=\"divider.default\">\n\t\t\t\t<div class=\"elementor-widget-container\">\n\t\t\t\t\t<div class=\"elementor-divider\" style=\"--divider-pattern-url: url(&quot;data:image\/svg+xml,%3Csvg xmlns=&#039;http:\/\/www.w3.org\/2000\/svg&#039; preserveAspectRatio=&#039;none&#039; overflow=&#039;visible&#039; height=&#039;100%&#039; viewBox=&#039;0 0 24 24&#039; fill=&#039;black&#039; stroke=&#039;none&#039;%3E%3Cpath d=&#039;M24,8v12H0V8H24z M24,4v1H0V4H24z&#039;\/%3E%3C\/svg%3E&quot;);\">\n\t\t\t<span class=\"elementor-divider-separator\">\n\t\t\t\t\t\t<\/span>\n\t\t<\/div>\n\t\t\t\t<\/div>\n\t\t\t\t<\/div>\n\t\t\t\t<div class=\"elementor-element elementor-element-6e72975 ahura-dark-mode-filter-texts-no elementor-widget elementor-widget-heading\" data-id=\"6e72975\" data-element_type=\"widget\" data-widget_type=\"heading.default\">\n\t\t\t\t<div class=\"elementor-widget-container\">\n\t\t\t<h2 class=\"elementor-heading-title elementor-size-default\">Her zaman g\u00fcvenilir...<br><br><br><\/h2>\t\t<\/div>\n\t\t\t\t<\/div>\n\t\t<div class=\"elementor-element elementor-element-a5241fb e-con-full e-flex e-con e-child\" data-id=\"a5241fb\" data-element_type=\"container\">\n\t\t\t\t<div class=\"elementor-element elementor-element-aa81680 ahura-dark-mode-filter-texts-no elementor-widget elementor-widget-image\" data-id=\"aa81680\" data-element_type=\"widget\" data-widget_type=\"image.default\">\n\t\t\t\t<div class=\"elementor-widget-container\">\n\t\t\t\t\t\t\t\t\t\t\t\t\t<img fetchpriority=\"high\" decoding=\"async\" width=\"2016\" height=\"1152\" src=\"https:\/\/www.iranrynok.com\/wp-content\/uploads\/2024\/09\/1210ef06-b9d5-4bf0-8b0a-a356c7a5d3d1.jpg\" class=\"attachment-large size-large wp-image-1772\" alt=\"\" srcset=\"https:\/\/www.iranrynok.com\/wp-content\/uploads\/2024\/09\/1210ef06-b9d5-4bf0-8b0a-a356c7a5d3d1.jpg 2016w, https:\/\/www.iranrynok.com\/wp-content\/uploads\/2024\/09\/1210ef06-b9d5-4bf0-8b0a-a356c7a5d3d1-768x439.jpg 768w, https:\/\/www.iranrynok.com\/wp-content\/uploads\/2024\/09\/1210ef06-b9d5-4bf0-8b0a-a356c7a5d3d1-1536x878.jpg 1536w, https:\/\/www.iranrynok.com\/wp-content\/uploads\/2024\/09\/1210ef06-b9d5-4bf0-8b0a-a356c7a5d3d1-600x343.jpg 600w\" sizes=\"(max-width: 2016px) 100vw, 2016px\" \/>\t\t\t\t\t\t\t\t\t\t\t\t\t<\/div>\n\t\t\t\t<\/div>\n\t\t\t\t<div class=\"elementor-element elementor-element-88664c0 ahura-dark-mode-filter-texts-no elementor-widget elementor-widget-text-editor\" data-id=\"88664c0\" data-element_type=\"widget\" data-widget_type=\"text-editor.default\">\n\t\t\t\t<div class=\"elementor-widget-container\">\n\t\t\t\t\t\t\t<h3><strong>\u0130n\u015faat \u00dcr\u00fcnleri IRAN RYNOK<\/p>\n<p><\/strong><\/h3>\n<h3>IRAN RYNOK, \u00e7e\u015fitli in\u015faat projelerinin ihtiya\u00e7lar\u0131n\u0131 kar\u015f\u0131lamak \u00fczere tasarlanm\u0131\u015f y\u00fcksek kaliteli bir dizi in\u015faat malzemesi sunmaktad\u0131r. \u00dcr\u00fcnlerimiz, sayg\u0131n tedarik\u00e7ilerden temin edilmi\u015ftir ve dayan\u0131kl\u0131l\u0131\u011f\u0131, g\u00fcvenilirli\u011fi ve y\u00fcksek performans\u0131yla tan\u0131nmaktad\u0131r. Geni\u015f stokumuz \u015funlar\u0131 i\u00e7erir:<\/p>\n<\/h3>\n<ol>\n<li>\n<h3><strong>\u00c7imento<\/strong>: Genel Portland \u00c7imentosu (OPC), Portland Puzolan \u00c7imentosu (PPC) ve H\u0131zl\u0131 Sertle\u015fen \u00c7imento dahil olmak \u00fczere \u00e7e\u015fitli \u00e7imento t\u00fcrleri sunmaktay\u0131z. \u00c7imentolar\u0131m\u0131z, g\u00fc\u00e7l\u00fc ve dayan\u0131kl\u0131 beton yap\u0131lar olu\u015fturmak i\u00e7in idealdir.<\/p>\n<\/h3>\n<\/li>\n<li>\n<h3><strong>Tu\u011fla<\/strong>: Se\u00e7imimiz, hem yap\u0131sal hem de dekoratif kullan\u0131mlar i\u00e7in uygun olan k\u0131rm\u0131z\u0131 ve kahverengi tu\u011flalar\u0131 i\u00e7erir. Bu tu\u011flalar, dayan\u0131kl\u0131l\u0131\u011f\u0131, \u0131s\u0131 yal\u0131t\u0131m \u00f6zellikleri ve estetik \u00e7ekicili\u011fi ile tan\u0131nmaktad\u0131r.<\/p>\n<\/h3>\n<\/li>\n<li>\n<h3><strong>\u00c7elik<\/strong>: Demir \u00fcr\u00fcnlerimiz aras\u0131nda in\u015faat demirleri, I-kiri\u015fleri ve \u00e7elik levhalar bulunmaktad\u0131r. \u00c7elik \u00fcr\u00fcnlerimiz, yap\u0131sal uygulamalarda kullan\u0131l\u0131r ve yap\u0131lar\u0131n ve altyap\u0131n\u0131n dayan\u0131kl\u0131l\u0131\u011f\u0131n\u0131 ve stabilitesini sa\u011flar.<\/p>\n<\/h3>\n<\/li>\n<li>\n<h3><strong>Ta\u015f<\/strong>: Ta\u015f \u00fcr\u00fcnlerimiz, granit, kire\u00e7ta\u015f\u0131 ve kumta\u015f\u0131 gibi \u00e7e\u015fitli do\u011fal ta\u015flar\u0131 i\u00e7erir. Bu malzemeler, in\u015faatta hem yap\u0131sal hem de dekoratif unsurlar i\u00e7in kullan\u0131l\u0131r.<\/p>\n<\/h3>\n<\/li>\n<\/ol>\n<h3>IRAN RYNOK&#8217;ta, end\u00fcstri standartlar\u0131na uyan y\u00fcksek kaliteli malzemeler sunmaktan gurur duyuyoruz. Ekibimiz, zaman\u0131nda teslimat ve m\u00fckemmel m\u00fc\u015fteri hizmetine ba\u011fl\u0131d\u0131r, size in\u015faat projelerinizi ba\u015far\u0131l\u0131 ve verimli bir \u015fekilde tamamlamada yard\u0131mc\u0131 olur. \u0130ster konut, ticari, ister end\u00fcstriyel yap\u0131lar in\u015fa ediyor olun, in\u015faat malzemelerimiz ihtiya\u00e7lar\u0131n\u0131z\u0131 desteklemek ve beklentilerinizi a\u015fmak \u00fczere tasarlanm\u0131\u015ft\u0131r.<\/p>\n<\/h3>\n\t\t\t\t\t\t<\/div>\n\t\t\t\t<\/div>\n\t\t\t\t<div class=\"elementor-element elementor-element-dd72da4 ahura-dark-mode-filter-texts-no elementor-widget elementor-widget-button\" data-id=\"dd72da4\" data-element_type=\"widget\" data-widget_type=\"button.default\">\n\t\t\t\t<div class=\"elementor-widget-container\">\n\t\t\t\t\t<div class=\"elementor-button-wrapper\">\n\t\t\t<a class=\"elementor-button elementor-button-link elementor-size-sm\" href=\"https:\/\/wa.me\/+989214560201\">\n\t\t\t\t\t\t<span class=\"elementor-button-content-wrapper\">\n\t\t\t\t\t\t\t\t\t<span class=\"elementor-button-text\">Buraya t\u0131klay\u0131n<br> <br><\/span>\n\t\t\t\t\t<\/span>\n\t\t\t\t\t<\/a>\n\t\t<\/div>\n\t\t\t\t<\/div>\n\t\t\t\t<\/div>\n\t\t\t\t<\/div>\n\t\t\t\t<\/div>\n\t\t\t\t\t<\/div>\n\t\t\t\t<\/div>\n\t\t\t\t<\/div>\n\t\t","protected":false},"excerpt":{"rendered":"<p>Iran Rynok Her zaman g\u00fcvenilir&#8230; \u0130n\u015faat \u00dcr\u00fcnleri IRAN RYNOK IRAN RYNOK, \u00e7e\u015fitli in\u015faat projelerinin ihtiya\u00e7lar\u0131n\u0131 kar\u015f\u0131lamak \u00fczere tasarlanm\u0131\u015f y\u00fcksek kaliteli bir dizi in\u015faat malzemesi sunmaktad\u0131r. \u00dcr\u00fcnlerimiz, sayg\u0131n tedarik\u00e7ilerden temin edilmi\u015ftir&#8230;<\/p>\n","protected":false},"author":1,"featured_media":0,"parent":0,"menu_order":0,"comment_status":"closed","ping_status":"closed","template":"elementor_header_footer","meta":{"om_disable_all_campaigns":false,"_uf_show_specific_survey":0,"_uf_disable_surveys":false,"footnotes":""},"class_list":["post-1770","page","type-page","status-publish","hentry"],"aioseo_notices":[],"yoast_head":"<!-- This site is optimized with the Yoast SEO plugin v24.0 - https:\/\/yoast.com\/wordpress\/plugins\/seo\/ -->\n<title>\u0130n\u015faat \u00dcr\u00fcnleri  - IRAN RYNOK<\/title>\n<meta name=\"robots\" content=\"index, follow, max-snippet:-1, max-image-preview:large, max-video-preview:-1\" \/>\n<link rel=\"canonical\" href=\"https:\/\/www.iranrynok.com\/tr\/insaat-urunleri\/\" \/>\n<meta property=\"og:locale\" content=\"tr_TR\" \/>\n<meta property=\"og:type\" content=\"article\" \/>\n<meta property=\"og:title\" content=\"\u0130n\u015faat \u00dcr\u00fcnleri  - IRAN RYNOK\" \/>\n<meta property=\"og:description\" content=\"Iran Rynok Her zaman g\u00fcvenilir&#8230; \u0130n\u015faat \u00dcr\u00fcnleri IRAN RYNOK IRAN RYNOK, \u00e7e\u015fitli in\u015faat projelerinin ihtiya\u00e7lar\u0131n\u0131 kar\u015f\u0131lamak \u00fczere tasarlanm\u0131\u015f y\u00fcksek kaliteli bir dizi in\u015faat malzemesi sunmaktad\u0131r. \u00dcr\u00fcnlerimiz, sayg\u0131n tedarik\u00e7ilerden temin edilmi\u015ftir...\" \/>\n<meta property=\"og:url\" content=\"https:\/\/www.iranrynok.com\/tr\/insaat-urunleri\/\" \/>\n<meta property=\"og:site_name\" content=\"IRAN RYNOK\" \/>\n<meta property=\"article:modified_time\" content=\"2024-10-31T02:26:54+00:00\" \/>\n<meta property=\"og:image\" content=\"https:\/\/www.iranrynok.com\/wp-content\/uploads\/2024\/09\/1210ef06-b9d5-4bf0-8b0a-a356c7a5d3d1.jpg\" \/>\n\t<meta property=\"og:image:width\" content=\"2016\" \/>\n\t<meta property=\"og:image:height\" content=\"1152\" \/>\n\t<meta property=\"og:image:type\" content=\"image\/jpeg\" \/>\n<meta name=\"twitter:card\" content=\"summary_large_image\" \/>\n<meta name=\"twitter:label1\" content=\"Tahmini okuma s\u00fcresi\" \/>\n\t<meta name=\"twitter:data1\" content=\"2 dakika\" \/>\n<script type=\"application\/ld+json\" class=\"yoast-schema-graph\">{\"@context\":\"https:\/\/schema.org\",\"@graph\":[{\"@type\":\"WebPage\",\"@id\":\"https:\/\/www.iranrynok.com\/tr\/insaat-urunleri\/\",\"url\":\"https:\/\/www.iranrynok.com\/tr\/insaat-urunleri\/\",\"name\":\"\u0130n\u015faat \u00dcr\u00fcnleri - IRAN RYNOK\",\"isPartOf\":{\"@id\":\"https:\/\/www.iranrynok.com\/tr\/#website\"},\"primaryImageOfPage\":{\"@id\":\"https:\/\/www.iranrynok.com\/tr\/insaat-urunleri\/#primaryimage\"},\"image\":{\"@id\":\"https:\/\/www.iranrynok.com\/tr\/insaat-urunleri\/#primaryimage\"},\"thumbnailUrl\":\"https:\/\/www.iranrynok.com\/wp-content\/uploads\/2024\/09\/1210ef06-b9d5-4bf0-8b0a-a356c7a5d3d1.jpg\",\"datePublished\":\"2024-09-15T12:14:12+00:00\",\"dateModified\":\"2024-10-31T02:26:54+00:00\",\"breadcrumb\":{\"@id\":\"https:\/\/www.iranrynok.com\/tr\/insaat-urunleri\/#breadcrumb\"},\"inLanguage\":\"tr\",\"potentialAction\":[{\"@type\":\"ReadAction\",\"target\":[\"https:\/\/www.iranrynok.com\/tr\/insaat-urunleri\/\"]}]},{\"@type\":\"ImageObject\",\"inLanguage\":\"tr\",\"@id\":\"https:\/\/www.iranrynok.com\/tr\/insaat-urunleri\/#primaryimage\",\"url\":\"https:\/\/www.iranrynok.com\/wp-content\/uploads\/2024\/09\/1210ef06-b9d5-4bf0-8b0a-a356c7a5d3d1.jpg\",\"contentUrl\":\"https:\/\/www.iranrynok.com\/wp-content\/uploads\/2024\/09\/1210ef06-b9d5-4bf0-8b0a-a356c7a5d3d1.jpg\"},{\"@type\":\"BreadcrumbList\",\"@id\":\"https:\/\/www.iranrynok.com\/tr\/insaat-urunleri\/#breadcrumb\",\"itemListElement\":[{\"@type\":\"ListItem\",\"position\":1,\"name\":\"\u062e\u0627\u0646\u0647\",\"item\":\"https:\/\/www.iranrynok.com\/tr\/ana-sayfa\/\"},{\"@type\":\"ListItem\",\"position\":2,\"name\":\"\u0130n\u015faat \u00dcr\u00fcnleri\"}]},{\"@type\":\"WebSite\",\"@id\":\"https:\/\/www.iranrynok.com\/tr\/#website\",\"url\":\"https:\/\/www.iranrynok.com\/tr\/\",\"name\":\"Iran Rynok\",\"description\":\"\u0130htiyac\u0131n\u0131z olan her \u015fey | \u0130hracat, \u0130thalat ve Lojistik\",\"publisher\":{\"@id\":\"https:\/\/www.iranrynok.com\/tr\/#organization\"},\"potentialAction\":[{\"@type\":\"SearchAction\",\"target\":{\"@type\":\"EntryPoint\",\"urlTemplate\":\"https:\/\/www.iranrynok.com\/tr\/?s={search_term_string}\"},\"query-input\":{\"@type\":\"PropertyValueSpecification\",\"valueRequired\":true,\"valueName\":\"search_term_string\"}}],\"inLanguage\":\"tr\"},{\"@type\":\"Organization\",\"@id\":\"https:\/\/www.iranrynok.com\/tr\/#organization\",\"name\":\"Iran Rynok\",\"url\":\"https:\/\/www.iranrynok.com\/tr\/\",\"logo\":{\"@type\":\"ImageObject\",\"inLanguage\":\"tr\",\"@id\":\"https:\/\/www.iranrynok.com\/tr\/#\/schema\/logo\/image\/\",\"url\":\"https:\/\/www.iranrynok.com\/wp-content\/uploads\/2024\/12\/cropped-Untitled-1.jpg\",\"contentUrl\":\"https:\/\/www.iranrynok.com\/wp-content\/uploads\/2024\/12\/cropped-Untitled-1.jpg\",\"width\":512,\"height\":512,\"caption\":\"Iran Rynok\"},\"image\":{\"@id\":\"https:\/\/www.iranrynok.com\/tr\/#\/schema\/logo\/image\/\"}}]}<\/script>\n<!-- \/ Yoast SEO plugin. -->","yoast_head_json":{"title":"\u0130n\u015faat \u00dcr\u00fcnleri  - IRAN RYNOK","robots":{"index":"index","follow":"follow","max-snippet":"max-snippet:-1","max-image-preview":"max-image-preview:large","max-video-preview":"max-video-preview:-1"},"canonical":"https:\/\/www.iranrynok.com\/tr\/insaat-urunleri\/","og_locale":"tr_TR","og_type":"article","og_title":"\u0130n\u015faat \u00dcr\u00fcnleri  - IRAN RYNOK","og_description":"Iran Rynok Her zaman g\u00fcvenilir&#8230; \u0130n\u015faat \u00dcr\u00fcnleri IRAN RYNOK IRAN RYNOK, \u00e7e\u015fitli in\u015faat projelerinin ihtiya\u00e7lar\u0131n\u0131 kar\u015f\u0131lamak \u00fczere tasarlanm\u0131\u015f y\u00fcksek kaliteli bir dizi in\u015faat malzemesi sunmaktad\u0131r. \u00dcr\u00fcnlerimiz, sayg\u0131n tedarik\u00e7ilerden temin edilmi\u015ftir...","og_url":"https:\/\/www.iranrynok.com\/tr\/insaat-urunleri\/","og_site_name":"IRAN RYNOK","article_modified_time":"2024-10-31T02:26:54+00:00","og_image":[{"width":2016,"height":1152,"url":"https:\/\/www.iranrynok.com\/wp-content\/uploads\/2024\/09\/1210ef06-b9d5-4bf0-8b0a-a356c7a5d3d1.jpg","type":"image\/jpeg"}],"twitter_card":"summary_large_image","twitter_misc":{"Tahmini okuma s\u00fcresi":"2 dakika"},"schema":{"@context":"https:\/\/schema.org","@graph":[{"@type":"WebPage","@id":"https:\/\/www.iranrynok.com\/tr\/insaat-urunleri\/","url":"https:\/\/www.iranrynok.com\/tr\/insaat-urunleri\/","name":"\u0130n\u015faat \u00dcr\u00fcnleri - IRAN RYNOK","isPartOf":{"@id":"https:\/\/www.iranrynok.com\/tr\/#website"},"primaryImageOfPage":{"@id":"https:\/\/www.iranrynok.com\/tr\/insaat-urunleri\/#primaryimage"},"image":{"@id":"https:\/\/www.iranrynok.com\/tr\/insaat-urunleri\/#primaryimage"},"thumbnailUrl":"https:\/\/www.iranrynok.com\/wp-content\/uploads\/2024\/09\/1210ef06-b9d5-4bf0-8b0a-a356c7a5d3d1.jpg","datePublished":"2024-09-15T12:14:12+00:00","dateModified":"2024-10-31T02:26:54+00:00","breadcrumb":{"@id":"https:\/\/www.iranrynok.com\/tr\/insaat-urunleri\/#breadcrumb"},"inLanguage":"tr","potentialAction":[{"@type":"ReadAction","target":["https:\/\/www.iranrynok.com\/tr\/insaat-urunleri\/"]}]},{"@type":"ImageObject","inLanguage":"tr","@id":"https:\/\/www.iranrynok.com\/tr\/insaat-urunleri\/#primaryimage","url":"https:\/\/www.iranrynok.com\/wp-content\/uploads\/2024\/09\/1210ef06-b9d5-4bf0-8b0a-a356c7a5d3d1.jpg","contentUrl":"https:\/\/www.iranrynok.com\/wp-content\/uploads\/2024\/09\/1210ef06-b9d5-4bf0-8b0a-a356c7a5d3d1.jpg"},{"@type":"BreadcrumbList","@id":"https:\/\/www.iranrynok.com\/tr\/insaat-urunleri\/#breadcrumb","itemListElement":[{"@type":"ListItem","position":1,"name":"\u062e\u0627\u0646\u0647","item":"https:\/\/www.iranrynok.com\/tr\/ana-sayfa\/"},{"@type":"ListItem","position":2,"name":"\u0130n\u015faat \u00dcr\u00fcnleri"}]},{"@type":"WebSite","@id":"https:\/\/www.iranrynok.com\/tr\/#website","url":"https:\/\/www.iranrynok.com\/tr\/","name":"Iran Rynok","description":"\u0130htiyac\u0131n\u0131z olan her \u015fey | \u0130hracat, \u0130thalat ve Lojistik","publisher":{"@id":"https:\/\/www.iranrynok.com\/tr\/#organization"},"potentialAction":[{"@type":"SearchAction","target":{"@type":"EntryPoint","urlTemplate":"https:\/\/www.iranrynok.com\/tr\/?s={search_term_string}"},"query-input":{"@type":"PropertyValueSpecification","valueRequired":true,"valueName":"search_term_string"}}],"inLanguage":"tr"},{"@type":"Organization","@id":"https:\/\/www.iranrynok.com\/tr\/#organization","name":"Iran Rynok","url":"https:\/\/www.iranrynok.com\/tr\/","logo":{"@type":"ImageObject","inLanguage":"tr","@id":"https:\/\/www.iranrynok.com\/tr\/#\/schema\/logo\/image\/","url":"https:\/\/www.iranrynok.com\/wp-content\/uploads\/2024\/12\/cropped-Untitled-1.jpg","contentUrl":"https:\/\/www.iranrynok.com\/wp-content\/uploads\/2024\/12\/cropped-Untitled-1.jpg","width":512,"height":512,"caption":"Iran Rynok"},"image":{"@id":"https:\/\/www.iranrynok.com\/tr\/#\/schema\/logo\/image\/"}}]}},"_links":{"self":[{"href":"https:\/\/www.iranrynok.com\/tr\/wp-json\/wp\/v2\/pages\/1770","targetHints":{"allow":["GET"]}}],"collection":[{"href":"https:\/\/www.iranrynok.com\/tr\/wp-json\/wp\/v2\/pages"}],"about":[{"href":"https:\/\/www.iranrynok.com\/tr\/wp-json\/wp\/v2\/types\/page"}],"author":[{"embeddable":true,"href":"https:\/\/www.iranrynok.com\/tr\/wp-json\/wp\/v2\/users\/1"}],"replies":[{"embeddable":true,"href":"https:\/\/www.iranrynok.com\/tr\/wp-json\/wp\/v2\/comments?post=1770"}],"version-history":[{"count":10,"href":"https:\/\/www.iranrynok.com\/tr\/wp-json\/wp\/v2\/pages\/1770\/revisions"}],"predecessor-version":[{"id":2070,"href":"https:\/\/www.iranrynok.com\/tr\/wp-json\/wp\/v2\/pages\/1770\/revisions\/2070"}],"wp:attachment":[{"href":"https:\/\/www.iranrynok.com\/tr\/wp-json\/wp\/v2\/media?parent=1770"}],"curies":[{"name":"wp","href":"https:\/\/api.w.org\/{rel}","templated":true}]}}