{"id":1775,"date":"2024-09-14T23:10:50","date_gmt":"2024-09-14T19:40:50","guid":{"rendered":"https:\/\/www.iranrynok.com\/plastik-urunler\/"},"modified":"2024-10-31T05:59:11","modified_gmt":"2024-10-31T02:29:11","slug":"plastik-urunler","status":"publish","type":"page","link":"https:\/\/www.iranrynok.com\/tr\/plastik-urunler\/","title":{"rendered":"Plastik \u00fcr\u00fcnler<br><br>"},"content":{"rendered":"\t\t<div data-elementor-type=\"wp-page\" data-elementor-id=\"1775\" class=\"elementor elementor-1775 elementor-1587\">\n\t\t\t\t<div class=\"elementor-element elementor-element-8ea7a67 e-flex e-con-boxed e-con e-parent\" data-id=\"8ea7a67\" data-element_type=\"container\">\n\t\t\t\t\t<div class=\"e-con-inner\">\n\t\t<div class=\"elementor-element elementor-element-0733500 e-con-full e-flex e-con e-child\" data-id=\"0733500\" data-element_type=\"container\">\n\t\t\t\t<div class=\"elementor-element elementor-element-959e6cd elementor-widget-divider--view-line ahura-dark-mode-filter-texts-no elementor-widget elementor-widget-divider\" data-id=\"959e6cd\" data-element_type=\"widget\" data-widget_type=\"divider.default\">\n\t\t\t\t<div class=\"elementor-widget-container\">\n\t\t\t\t\t<div class=\"elementor-divider\">\n\t\t\t<span class=\"elementor-divider-separator\">\n\t\t\t\t\t\t<\/span>\n\t\t<\/div>\n\t\t\t\t<\/div>\n\t\t\t\t<\/div>\n\t\t\t\t<div class=\"elementor-element elementor-element-8a77c15 ahura-dark-mode-filter-texts-no elementor-widget elementor-widget-heading\" data-id=\"8a77c15\" data-element_type=\"widget\" data-widget_type=\"heading.default\">\n\t\t\t\t<div class=\"elementor-widget-container\">\n\t\t\t<h2 class=\"elementor-heading-title elementor-size-default\">Iran Rynok<\/h2>\t\t<\/div>\n\t\t\t\t<\/div>\n\t\t\t\t<div class=\"elementor-element elementor-element-513c29c elementor-widget__width-initial elementor-widget-divider--separator-type-pattern elementor-widget-divider--no-spacing elementor-widget-divider--view-line ahura-dark-mode-filter-texts-no elementor-widget elementor-widget-divider\" data-id=\"513c29c\" data-element_type=\"widget\" data-widget_type=\"divider.default\">\n\t\t\t\t<div class=\"elementor-widget-container\">\n\t\t\t\t\t<div class=\"elementor-divider\" style=\"--divider-pattern-url: url(&quot;data:image\/svg+xml,%3Csvg xmlns=&#039;http:\/\/www.w3.org\/2000\/svg&#039; preserveAspectRatio=&#039;none&#039; overflow=&#039;visible&#039; height=&#039;100%&#039; viewBox=&#039;0 0 24 24&#039; fill=&#039;black&#039; stroke=&#039;none&#039;%3E%3Cpath d=&#039;M24,8v12H0V8H24z M24,4v1H0V4H24z&#039;\/%3E%3C\/svg%3E&quot;);\">\n\t\t\t<span class=\"elementor-divider-separator\">\n\t\t\t\t\t\t<\/span>\n\t\t<\/div>\n\t\t\t\t<\/div>\n\t\t\t\t<\/div>\n\t\t\t\t<div class=\"elementor-element elementor-element-6e72975 ahura-dark-mode-filter-texts-no elementor-widget elementor-widget-heading\" data-id=\"6e72975\" data-element_type=\"widget\" data-widget_type=\"heading.default\">\n\t\t\t\t<div class=\"elementor-widget-container\">\n\t\t\t<h2 class=\"elementor-heading-title elementor-size-default\">Her zaman g\u00fcvenilir...<br><br><br><\/h2>\t\t<\/div>\n\t\t\t\t<\/div>\n\t\t<div class=\"elementor-element elementor-element-a5241fb e-con-full e-flex e-con e-child\" data-id=\"a5241fb\" data-element_type=\"container\">\n\t\t\t\t<div class=\"elementor-element elementor-element-aa81680 ahura-dark-mode-filter-texts-no elementor-widget elementor-widget-image\" data-id=\"aa81680\" data-element_type=\"widget\" data-widget_type=\"image.default\">\n\t\t\t\t<div class=\"elementor-widget-container\">\n\t\t\t\t\t\t\t\t\t\t\t\t\t<img fetchpriority=\"high\" decoding=\"async\" width=\"1024\" height=\"1024\" src=\"https:\/\/www.iranrynok.com\/wp-content\/uploads\/2024\/09\/th.jpg\" class=\"attachment-large size-large wp-image-1776\" alt=\"\" srcset=\"https:\/\/www.iranrynok.com\/wp-content\/uploads\/2024\/09\/th.jpg 1024w, https:\/\/www.iranrynok.com\/wp-content\/uploads\/2024\/09\/th-150x150.jpg 150w, https:\/\/www.iranrynok.com\/wp-content\/uploads\/2024\/09\/th-768x768.jpg 768w, https:\/\/www.iranrynok.com\/wp-content\/uploads\/2024\/09\/th-250x250.jpg 250w, https:\/\/www.iranrynok.com\/wp-content\/uploads\/2024\/09\/th-100x100.jpg 100w, https:\/\/www.iranrynok.com\/wp-content\/uploads\/2024\/09\/th-300x300.jpg 300w, https:\/\/www.iranrynok.com\/wp-content\/uploads\/2024\/09\/th-600x600.jpg 600w\" sizes=\"(max-width: 1024px) 100vw, 1024px\" \/>\t\t\t\t\t\t\t\t\t\t\t\t\t<\/div>\n\t\t\t\t<\/div>\n\t\t\t\t<div class=\"elementor-element elementor-element-88664c0 ahura-dark-mode-filter-texts-no elementor-widget elementor-widget-text-editor\" data-id=\"88664c0\" data-element_type=\"widget\" data-widget_type=\"text-editor.default\">\n\t\t\t\t<div class=\"elementor-widget-container\">\n\t\t\t\t\t\t\t<h1>Plastik \u00dcr\u00fcnler \u2013 Iran Rynok&#8217;tan y\u00fcksek kaliteli ve ekonomik tedarik<\/p>\n<\/h1>\n<h1>G\u00fcn\u00fcm\u00fcz d\u00fcnyas\u0131nda plastik \u00fcr\u00fcnler, sanayi, in\u015faat ve g\u00fcnl\u00fck ya\u015famda benzersiz bir rol oynamaktad\u0131r. Iran Rynok, teknik bilgi ve uzmanl\u0131ktan yararlanarak, y\u00fcksek kaliteli plastik \u00fcr\u00fcnlerin uygun maliyetle tedarik ve teslimat\u0131nda ihtiya\u00e7lar\u0131n\u0131z\u0131 kar\u015f\u0131lamaya haz\u0131rd\u0131r.<\/p>\n<\/h1>\n<h1>Iran Rynok olarak, b\u00f6lgede \u00f6nde gelen tedarik\u00e7ilerden biri olarak \u00e7e\u015fitli end\u00fcstriyel ve ticari uygulamalar i\u00e7in geni\u015f bir plastik \u00fcr\u00fcn yelpazesi sunuyoruz. \u00dcr\u00fcnlerimiz, ambalaj, otomotiv, tar\u0131m ve boru imalat\u0131 gibi sekt\u00f6rlerde kullan\u0131lan \u00e7e\u015fitli polietilen (HDPE, MDPE, LDPE, LLDPE), polipropilen (PP) ve polistiren (PS) t\u00fcrlerini i\u00e7ermektedir.<\/p>\n<\/h1>\n<h1>Iran Rynok ile \u00e7al\u0131\u015fman\u0131n avantajlar\u0131:<\/p>\n<\/h1>\n<ol>\n<li>\n<h1><strong>Uzmanl\u0131k ve tecr\u00fcbe<\/strong>: Y\u0131llar\u0131n plastik sanayindeki tecr\u00fcbesiyle ekibimiz, \u00f6zel ihtiya\u00e7lar\u0131n\u0131z\u0131 anlama ve size \u00f6zel optimize edilmi\u015f \u00e7\u00f6z\u00fcmler sunma yetene\u011fine sahiptir.<\/p>\n<\/h1>\n<\/li>\n<li>\n<h1><strong>Garantili kalite<\/strong>: \u00dcr\u00fcnlerimizin uluslararas\u0131 standartlara uygun oldu\u011fundan emin olmak i\u00e7in yaln\u0131zca sayg\u0131n ve kaliteli \u00fcreticilerle \u00e7al\u0131\u015f\u0131yoruz.<\/p>\n<\/h1>\n<\/li>\n<li>\n<h1><strong>Rekabet\u00e7i maliyetler<\/strong>: Iran Rynok, en iyi fiyatlar\u0131 sunarak maliyetlerinizi en aza indirmenize yard\u0131mc\u0131 olur. Amac\u0131m\u0131z, en uygun fiyatla en iyi kaliteyi sunmakt\u0131r.<\/p>\n<p> <\/h1>\n<\/li>\n<li>\n<h1><strong>H\u0131zl\u0131 ve g\u00fcvenilir teslimat:<\/strong> Geni\u015f tedarik\u00e7i a\u011f\u0131 ve profesyonel lojistik hizmetimizle, \u00fcr\u00fcnlerinizi m\u00fcmk\u00fcn olan en k\u0131sa s\u00fcrede hedefe ula\u015ft\u0131rabiliriz, ister \u00fclke i\u00e7inde ister CIS \u00fclkelerine.<\/p>\n<\/h1>\n<\/li>\n<\/ol>\n<h1>Neden \u0130ran Rynok plastik \u00fcr\u00fcnleri?<\/p>\n<\/h1>\n<h1>Iran Rynok, m\u00fc\u015fterilerinin \u00e7e\u015fitli ihtiya\u00e7lar\u0131na \u00f6zel \u00f6nem verir. Plastik \u00fcr\u00fcnlerimizin a\u015fa\u011f\u0131daki \u00f6zelliklere sahip olmas\u0131n\u0131 garanti ediyoruz:<\/p>\n<\/h1>\n<ul>\n<li>\n<h1><strong>Y\u00fcksek darbe ve hava ko\u015fullar\u0131na dayan\u0131kl\u0131l\u0131k<\/p>\n<p><\/strong><\/h1>\n<\/li>\n<li>\n<h1><strong>Uzun \u00f6m\u00fcrl\u00fc dayan\u0131kl\u0131l\u0131k<\/p>\n<p><\/strong><\/h1>\n<\/li>\n<li>\n<h1><strong>Geri d\u00f6n\u00fc\u015ft\u00fcr\u00fclebilir ve \u00e7evre dostu<\/p>\n<p><\/strong><\/h1>\n<\/li>\n<\/ul>\n<h1>E\u011fer s\u00fcrekli olarak y\u00fcksek kaliteli plastik \u00fcr\u00fcnleri en d\u00fc\u015f\u00fck maliyetle ve en h\u0131zl\u0131 \u015fekilde tedarik edebilecek bir tedarik\u00e7i ar\u0131yorsan\u0131z, Iran Rynok en iyi tercihtir.<\/p>\n<\/h1>\n<h1><strong>Bug\u00fcn bizimle ileti\u015fime ge\u00e7in, ihtiya\u00e7lar\u0131n\u0131z\u0131 konu\u015fal\u0131m ve uzman \u00e7\u00f6z\u00fcmlerimizi sunal\u0131m.<\/p>\n<p><\/strong><\/h1>\n<div><strong> <\/strong><\/div>\n<div><strong> <\/strong><\/div>\n\t\t\t\t\t\t<\/div>\n\t\t\t\t<\/div>\n\t\t\t\t<div class=\"elementor-element elementor-element-abad3ef ahura-dark-mode-filter-texts-no elementor-widget elementor-widget-button\" data-id=\"abad3ef\" data-element_type=\"widget\" data-widget_type=\"button.default\">\n\t\t\t\t<div class=\"elementor-widget-container\">\n\t\t\t\t\t<div class=\"elementor-button-wrapper\">\n\t\t\t<a class=\"elementor-button elementor-button-link elementor-size-sm\" href=\"https:\/\/wa.me\/+989214560201\">\n\t\t\t\t\t\t<span class=\"elementor-button-content-wrapper\">\n\t\t\t\t\t\t\t\t\t<span class=\"elementor-button-text\">Fiyat sorgulama ve \u00fcr\u00fcn analizi<br> <br><\/span>\n\t\t\t\t\t<\/span>\n\t\t\t\t\t<\/a>\n\t\t<\/div>\n\t\t\t\t<\/div>\n\t\t\t\t<\/div>\n\t\t\t\t<\/div>\n\t\t\t\t<\/div>\n\t\t\t\t\t<\/div>\n\t\t\t\t<\/div>\n\t\t\t\t<\/div>\n\t\t","protected":false},"excerpt":{"rendered":"<p>Iran Rynok Her zaman g\u00fcvenilir&#8230; Plastik \u00dcr\u00fcnler \u2013 Iran Rynok&#8217;tan y\u00fcksek kaliteli ve ekonomik tedarik G\u00fcn\u00fcm\u00fcz d\u00fcnyas\u0131nda plastik \u00fcr\u00fcnler, sanayi, in\u015faat ve g\u00fcnl\u00fck ya\u015famda benzersiz bir rol oynamaktad\u0131r. Iran Rynok,&#8230;<\/p>\n","protected":false},"author":1,"featured_media":0,"parent":0,"menu_order":0,"comment_status":"closed","ping_status":"closed","template":"elementor_header_footer","meta":{"om_disable_all_campaigns":false,"_uf_show_specific_survey":0,"_uf_disable_surveys":false,"footnotes":""},"class_list":["post-1775","page","type-page","status-publish","hentry"],"aioseo_notices":[],"yoast_head":"<!-- This site is optimized with the Yoast SEO plugin v24.0 - https:\/\/yoast.com\/wordpress\/plugins\/seo\/ -->\n<title>Plastik \u00fcr\u00fcnler - IRAN RYNOK<\/title>\n<meta name=\"robots\" content=\"index, follow, max-snippet:-1, max-image-preview:large, max-video-preview:-1\" \/>\n<link rel=\"canonical\" href=\"https:\/\/www.iranrynok.com\/tr\/plastik-urunler\/\" \/>\n<meta property=\"og:locale\" content=\"tr_TR\" \/>\n<meta property=\"og:type\" content=\"article\" \/>\n<meta property=\"og:title\" content=\"Plastik \u00fcr\u00fcnler - IRAN RYNOK\" \/>\n<meta property=\"og:description\" content=\"Iran Rynok Her zaman g\u00fcvenilir&#8230; Plastik \u00dcr\u00fcnler \u2013 Iran Rynok&#8217;tan y\u00fcksek kaliteli ve ekonomik tedarik G\u00fcn\u00fcm\u00fcz d\u00fcnyas\u0131nda plastik \u00fcr\u00fcnler, sanayi, in\u015faat ve g\u00fcnl\u00fck ya\u015famda benzersiz bir rol oynamaktad\u0131r. Iran Rynok,...\" \/>\n<meta property=\"og:url\" content=\"https:\/\/www.iranrynok.com\/tr\/plastik-urunler\/\" \/>\n<meta property=\"og:site_name\" content=\"IRAN RYNOK\" \/>\n<meta property=\"article:modified_time\" content=\"2024-10-31T02:29:11+00:00\" \/>\n<meta property=\"og:image\" content=\"https:\/\/www.iranrynok.com\/wp-content\/uploads\/2024\/09\/th.jpg\" \/>\n\t<meta property=\"og:image:width\" content=\"1024\" \/>\n\t<meta property=\"og:image:height\" content=\"1024\" \/>\n\t<meta property=\"og:image:type\" content=\"image\/jpeg\" \/>\n<meta name=\"twitter:card\" content=\"summary_large_image\" \/>\n<meta name=\"twitter:label1\" content=\"Tahmini okuma s\u00fcresi\" \/>\n\t<meta name=\"twitter:data1\" content=\"2 dakika\" \/>\n<script type=\"application\/ld+json\" class=\"yoast-schema-graph\">{\"@context\":\"https:\/\/schema.org\",\"@graph\":[{\"@type\":\"WebPage\",\"@id\":\"https:\/\/www.iranrynok.com\/tr\/plastik-urunler\/\",\"url\":\"https:\/\/www.iranrynok.com\/tr\/plastik-urunler\/\",\"name\":\"Plastik \u00fcr\u00fcnler - IRAN RYNOK\",\"isPartOf\":{\"@id\":\"https:\/\/www.iranrynok.com\/tr\/#website\"},\"primaryImageOfPage\":{\"@id\":\"https:\/\/www.iranrynok.com\/tr\/plastik-urunler\/#primaryimage\"},\"image\":{\"@id\":\"https:\/\/www.iranrynok.com\/tr\/plastik-urunler\/#primaryimage\"},\"thumbnailUrl\":\"https:\/\/www.iranrynok.com\/wp-content\/uploads\/2024\/09\/th.jpg\",\"datePublished\":\"2024-09-14T19:40:50+00:00\",\"dateModified\":\"2024-10-31T02:29:11+00:00\",\"breadcrumb\":{\"@id\":\"https:\/\/www.iranrynok.com\/tr\/plastik-urunler\/#breadcrumb\"},\"inLanguage\":\"tr\",\"potentialAction\":[{\"@type\":\"ReadAction\",\"target\":[\"https:\/\/www.iranrynok.com\/tr\/plastik-urunler\/\"]}]},{\"@type\":\"ImageObject\",\"inLanguage\":\"tr\",\"@id\":\"https:\/\/www.iranrynok.com\/tr\/plastik-urunler\/#primaryimage\",\"url\":\"https:\/\/www.iranrynok.com\/wp-content\/uploads\/2024\/09\/th.jpg\",\"contentUrl\":\"https:\/\/www.iranrynok.com\/wp-content\/uploads\/2024\/09\/th.jpg\"},{\"@type\":\"BreadcrumbList\",\"@id\":\"https:\/\/www.iranrynok.com\/tr\/plastik-urunler\/#breadcrumb\",\"itemListElement\":[{\"@type\":\"ListItem\",\"position\":1,\"name\":\"\u062e\u0627\u0646\u0647\",\"item\":\"https:\/\/www.iranrynok.com\/tr\/ana-sayfa\/\"},{\"@type\":\"ListItem\",\"position\":2,\"name\":\"Plastik \u00fcr\u00fcnler\"}]},{\"@type\":\"WebSite\",\"@id\":\"https:\/\/www.iranrynok.com\/tr\/#website\",\"url\":\"https:\/\/www.iranrynok.com\/tr\/\",\"name\":\"Iran Rynok\",\"description\":\"\u0130htiyac\u0131n\u0131z olan her \u015fey | \u0130hracat, \u0130thalat ve Lojistik\",\"publisher\":{\"@id\":\"https:\/\/www.iranrynok.com\/tr\/#organization\"},\"potentialAction\":[{\"@type\":\"SearchAction\",\"target\":{\"@type\":\"EntryPoint\",\"urlTemplate\":\"https:\/\/www.iranrynok.com\/tr\/?s={search_term_string}\"},\"query-input\":{\"@type\":\"PropertyValueSpecification\",\"valueRequired\":true,\"valueName\":\"search_term_string\"}}],\"inLanguage\":\"tr\"},{\"@type\":\"Organization\",\"@id\":\"https:\/\/www.iranrynok.com\/tr\/#organization\",\"name\":\"Iran Rynok\",\"url\":\"https:\/\/www.iranrynok.com\/tr\/\",\"logo\":{\"@type\":\"ImageObject\",\"inLanguage\":\"tr\",\"@id\":\"https:\/\/www.iranrynok.com\/tr\/#\/schema\/logo\/image\/\",\"url\":\"https:\/\/www.iranrynok.com\/wp-content\/uploads\/2024\/12\/cropped-Untitled-1.jpg\",\"contentUrl\":\"https:\/\/www.iranrynok.com\/wp-content\/uploads\/2024\/12\/cropped-Untitled-1.jpg\",\"width\":512,\"height\":512,\"caption\":\"Iran Rynok\"},\"image\":{\"@id\":\"https:\/\/www.iranrynok.com\/tr\/#\/schema\/logo\/image\/\"}}]}<\/script>\n<!-- \/ Yoast SEO plugin. -->","yoast_head_json":{"title":"Plastik \u00fcr\u00fcnler - IRAN RYNOK","robots":{"index":"index","follow":"follow","max-snippet":"max-snippet:-1","max-image-preview":"max-image-preview:large","max-video-preview":"max-video-preview:-1"},"canonical":"https:\/\/www.iranrynok.com\/tr\/plastik-urunler\/","og_locale":"tr_TR","og_type":"article","og_title":"Plastik \u00fcr\u00fcnler - IRAN RYNOK","og_description":"Iran Rynok Her zaman g\u00fcvenilir&#8230; Plastik \u00dcr\u00fcnler \u2013 Iran Rynok&#8217;tan y\u00fcksek kaliteli ve ekonomik tedarik G\u00fcn\u00fcm\u00fcz d\u00fcnyas\u0131nda plastik \u00fcr\u00fcnler, sanayi, in\u015faat ve g\u00fcnl\u00fck ya\u015famda benzersiz bir rol oynamaktad\u0131r. Iran Rynok,...","og_url":"https:\/\/www.iranrynok.com\/tr\/plastik-urunler\/","og_site_name":"IRAN RYNOK","article_modified_time":"2024-10-31T02:29:11+00:00","og_image":[{"width":1024,"height":1024,"url":"https:\/\/www.iranrynok.com\/wp-content\/uploads\/2024\/09\/th.jpg","type":"image\/jpeg"}],"twitter_card":"summary_large_image","twitter_misc":{"Tahmini okuma s\u00fcresi":"2 dakika"},"schema":{"@context":"https:\/\/schema.org","@graph":[{"@type":"WebPage","@id":"https:\/\/www.iranrynok.com\/tr\/plastik-urunler\/","url":"https:\/\/www.iranrynok.com\/tr\/plastik-urunler\/","name":"Plastik \u00fcr\u00fcnler - IRAN RYNOK","isPartOf":{"@id":"https:\/\/www.iranrynok.com\/tr\/#website"},"primaryImageOfPage":{"@id":"https:\/\/www.iranrynok.com\/tr\/plastik-urunler\/#primaryimage"},"image":{"@id":"https:\/\/www.iranrynok.com\/tr\/plastik-urunler\/#primaryimage"},"thumbnailUrl":"https:\/\/www.iranrynok.com\/wp-content\/uploads\/2024\/09\/th.jpg","datePublished":"2024-09-14T19:40:50+00:00","dateModified":"2024-10-31T02:29:11+00:00","breadcrumb":{"@id":"https:\/\/www.iranrynok.com\/tr\/plastik-urunler\/#breadcrumb"},"inLanguage":"tr","potentialAction":[{"@type":"ReadAction","target":["https:\/\/www.iranrynok.com\/tr\/plastik-urunler\/"]}]},{"@type":"ImageObject","inLanguage":"tr","@id":"https:\/\/www.iranrynok.com\/tr\/plastik-urunler\/#primaryimage","url":"https:\/\/www.iranrynok.com\/wp-content\/uploads\/2024\/09\/th.jpg","contentUrl":"https:\/\/www.iranrynok.com\/wp-content\/uploads\/2024\/09\/th.jpg"},{"@type":"BreadcrumbList","@id":"https:\/\/www.iranrynok.com\/tr\/plastik-urunler\/#breadcrumb","itemListElement":[{"@type":"ListItem","position":1,"name":"\u062e\u0627\u0646\u0647","item":"https:\/\/www.iranrynok.com\/tr\/ana-sayfa\/"},{"@type":"ListItem","position":2,"name":"Plastik \u00fcr\u00fcnler"}]},{"@type":"WebSite","@id":"https:\/\/www.iranrynok.com\/tr\/#website","url":"https:\/\/www.iranrynok.com\/tr\/","name":"Iran Rynok","description":"\u0130htiyac\u0131n\u0131z olan her \u015fey | \u0130hracat, \u0130thalat ve Lojistik","publisher":{"@id":"https:\/\/www.iranrynok.com\/tr\/#organization"},"potentialAction":[{"@type":"SearchAction","target":{"@type":"EntryPoint","urlTemplate":"https:\/\/www.iranrynok.com\/tr\/?s={search_term_string}"},"query-input":{"@type":"PropertyValueSpecification","valueRequired":true,"valueName":"search_term_string"}}],"inLanguage":"tr"},{"@type":"Organization","@id":"https:\/\/www.iranrynok.com\/tr\/#organization","name":"Iran Rynok","url":"https:\/\/www.iranrynok.com\/tr\/","logo":{"@type":"ImageObject","inLanguage":"tr","@id":"https:\/\/www.iranrynok.com\/tr\/#\/schema\/logo\/image\/","url":"https:\/\/www.iranrynok.com\/wp-content\/uploads\/2024\/12\/cropped-Untitled-1.jpg","contentUrl":"https:\/\/www.iranrynok.com\/wp-content\/uploads\/2024\/12\/cropped-Untitled-1.jpg","width":512,"height":512,"caption":"Iran Rynok"},"image":{"@id":"https:\/\/www.iranrynok.com\/tr\/#\/schema\/logo\/image\/"}}]}},"_links":{"self":[{"href":"https:\/\/www.iranrynok.com\/tr\/wp-json\/wp\/v2\/pages\/1775","targetHints":{"allow":["GET"]}}],"collection":[{"href":"https:\/\/www.iranrynok.com\/tr\/wp-json\/wp\/v2\/pages"}],"about":[{"href":"https:\/\/www.iranrynok.com\/tr\/wp-json\/wp\/v2\/types\/page"}],"author":[{"embeddable":true,"href":"https:\/\/www.iranrynok.com\/tr\/wp-json\/wp\/v2\/users\/1"}],"replies":[{"embeddable":true,"href":"https:\/\/www.iranrynok.com\/tr\/wp-json\/wp\/v2\/comments?post=1775"}],"version-history":[{"count":7,"href":"https:\/\/www.iranrynok.com\/tr\/wp-json\/wp\/v2\/pages\/1775\/revisions"}],"predecessor-version":[{"id":2079,"href":"https:\/\/www.iranrynok.com\/tr\/wp-json\/wp\/v2\/pages\/1775\/revisions\/2079"}],"wp:attachment":[{"href":"https:\/\/www.iranrynok.com\/tr\/wp-json\/wp\/v2\/media?parent=1775"}],"curies":[{"name":"wp","href":"https:\/\/api.w.org\/{rel}","templated":true}]}}