{"id":1790,"date":"2024-09-15T13:04:31","date_gmt":"2024-09-15T09:34:31","guid":{"rendered":"https:\/\/www.iranrynok.com\/tarim-urunleri\/"},"modified":"2024-10-31T05:59:46","modified_gmt":"2024-10-31T02:29:46","slug":"tarim-urunleri","status":"publish","type":"page","link":"https:\/\/www.iranrynok.com\/tr\/tarim-urunleri\/","title":{"rendered":"Tar\u0131m \u00fcr\u00fcnleri<br> <br>"},"content":{"rendered":"\t\t<div data-elementor-type=\"wp-page\" data-elementor-id=\"1790\" class=\"elementor elementor-1790 elementor-1606\">\n\t\t\t\t<div class=\"elementor-element elementor-element-8ea7a67 e-flex e-con-boxed e-con e-parent\" data-id=\"8ea7a67\" data-element_type=\"container\">\n\t\t\t\t\t<div class=\"e-con-inner\">\n\t\t<div class=\"elementor-element elementor-element-0733500 e-con-full e-flex e-con e-child\" data-id=\"0733500\" data-element_type=\"container\">\n\t\t\t\t<div class=\"elementor-element elementor-element-959e6cd elementor-widget-divider--view-line ahura-dark-mode-filter-texts-no elementor-widget elementor-widget-divider\" data-id=\"959e6cd\" data-element_type=\"widget\" data-widget_type=\"divider.default\">\n\t\t\t\t<div class=\"elementor-widget-container\">\n\t\t\t\t\t<div class=\"elementor-divider\">\n\t\t\t<span class=\"elementor-divider-separator\">\n\t\t\t\t\t\t<\/span>\n\t\t<\/div>\n\t\t\t\t<\/div>\n\t\t\t\t<\/div>\n\t\t\t\t<div class=\"elementor-element elementor-element-8a77c15 ahura-dark-mode-filter-texts-no elementor-widget elementor-widget-heading\" data-id=\"8a77c15\" data-element_type=\"widget\" data-widget_type=\"heading.default\">\n\t\t\t\t<div class=\"elementor-widget-container\">\n\t\t\t<h2 class=\"elementor-heading-title elementor-size-default\">Iran Rynok<\/h2>\t\t<\/div>\n\t\t\t\t<\/div>\n\t\t\t\t<div class=\"elementor-element elementor-element-513c29c elementor-widget__width-initial elementor-widget-divider--separator-type-pattern elementor-widget-divider--no-spacing elementor-widget-divider--view-line ahura-dark-mode-filter-texts-no elementor-widget elementor-widget-divider\" data-id=\"513c29c\" data-element_type=\"widget\" data-widget_type=\"divider.default\">\n\t\t\t\t<div class=\"elementor-widget-container\">\n\t\t\t\t\t<div class=\"elementor-divider\" style=\"--divider-pattern-url: url(&quot;data:image\/svg+xml,%3Csvg xmlns=&#039;http:\/\/www.w3.org\/2000\/svg&#039; preserveAspectRatio=&#039;none&#039; overflow=&#039;visible&#039; height=&#039;100%&#039; viewBox=&#039;0 0 24 24&#039; fill=&#039;black&#039; stroke=&#039;none&#039;%3E%3Cpath d=&#039;M24,8v12H0V8H24z M24,4v1H0V4H24z&#039;\/%3E%3C\/svg%3E&quot;);\">\n\t\t\t<span class=\"elementor-divider-separator\">\n\t\t\t\t\t\t<\/span>\n\t\t<\/div>\n\t\t\t\t<\/div>\n\t\t\t\t<\/div>\n\t\t\t\t<div class=\"elementor-element elementor-element-6e72975 ahura-dark-mode-filter-texts-no elementor-widget elementor-widget-heading\" data-id=\"6e72975\" data-element_type=\"widget\" data-widget_type=\"heading.default\">\n\t\t\t\t<div class=\"elementor-widget-container\">\n\t\t\t<h2 class=\"elementor-heading-title elementor-size-default\">Her zaman g\u00fcvenilir...<br><br><br><\/h2>\t\t<\/div>\n\t\t\t\t<\/div>\n\t\t<div class=\"elementor-element elementor-element-a5241fb e-con-full e-flex e-con e-child\" data-id=\"a5241fb\" data-element_type=\"container\">\n\t\t\t\t<div class=\"elementor-element elementor-element-aa81680 ahura-dark-mode-filter-texts-no elementor-widget elementor-widget-image\" data-id=\"aa81680\" data-element_type=\"widget\" data-widget_type=\"image.default\">\n\t\t\t\t<div class=\"elementor-widget-container\">\n\t\t\t\t\t\t\t\t\t\t\t\t\t<img fetchpriority=\"high\" decoding=\"async\" width=\"1024\" height=\"1024\" src=\"https:\/\/www.iranrynok.com\/wp-content\/uploads\/2024\/09\/ec7c1b42-a418-4c9b-b3e3-c8a96092b51f.webp\" class=\"attachment-large size-large wp-image-1791\" alt=\"\" srcset=\"https:\/\/www.iranrynok.com\/wp-content\/uploads\/2024\/09\/ec7c1b42-a418-4c9b-b3e3-c8a96092b51f.webp 1024w, https:\/\/www.iranrynok.com\/wp-content\/uploads\/2024\/09\/ec7c1b42-a418-4c9b-b3e3-c8a96092b51f-150x150.webp 150w, https:\/\/www.iranrynok.com\/wp-content\/uploads\/2024\/09\/ec7c1b42-a418-4c9b-b3e3-c8a96092b51f-768x768.webp 768w, https:\/\/www.iranrynok.com\/wp-content\/uploads\/2024\/09\/ec7c1b42-a418-4c9b-b3e3-c8a96092b51f-250x250.webp 250w, https:\/\/www.iranrynok.com\/wp-content\/uploads\/2024\/09\/ec7c1b42-a418-4c9b-b3e3-c8a96092b51f-100x100.webp 100w, https:\/\/www.iranrynok.com\/wp-content\/uploads\/2024\/09\/ec7c1b42-a418-4c9b-b3e3-c8a96092b51f-300x300.webp 300w, https:\/\/www.iranrynok.com\/wp-content\/uploads\/2024\/09\/ec7c1b42-a418-4c9b-b3e3-c8a96092b51f-600x600.webp 600w\" sizes=\"(max-width: 1024px) 100vw, 1024px\" \/>\t\t\t\t\t\t\t\t\t\t\t\t\t<\/div>\n\t\t\t\t<\/div>\n\t\t\t\t<div class=\"elementor-element elementor-element-88664c0 ahura-dark-mode-filter-texts-no elementor-widget elementor-widget-text-editor\" data-id=\"88664c0\" data-element_type=\"widget\" data-widget_type=\"text-editor.default\">\n\t\t\t\t<div class=\"elementor-widget-container\">\n\t\t\t\t\t\t\t<h1><strong>\u0130ran Rynok&#8217;tan taze ve kaliteli tar\u0131m \u00fcr\u00fcnleri<\/p>\n<p><\/strong><\/h1>\n<h1>Iran Rynok olarak, \u0130ran\u2019\u0131n en iyi \u00e7iftliklerinden taze ve y\u00fcksek kaliteli tar\u0131m \u00fcr\u00fcnleri sunmaktan gurur duyuyoruz. Memnuniyetinizi sa\u011flamak i\u00e7in en y\u00fcksek kalite standartlar\u0131na uygun tar\u0131m \u00fcr\u00fcnlerinin temin ve sunumuna \u00f6zel \u00f6nem veriyoruz. A\u015fa\u011f\u0131da, \u00f6ne \u00e7\u0131kan baz\u0131 \u00fcr\u00fcnlerimize g\u00f6z ataca\u011f\u0131z:<\/p>\n<\/h1>\n<ul>\n<li>\n<h1><strong>Taze meyveler<\/strong>: Elma, portakal, nar, kivi ve \u00e7ilek, \u00f6zenle se\u00e7ilmi\u015f ve benzersiz bir tat ve aromaya sahip.<\/p>\n<\/h1>\n<\/li>\n<li>\n<h1><strong>Taze sebzeler<\/strong>: Domates, salatal\u0131k, dolmal\u0131k biber, marul ve havu\u00e7, en taze hasat ve paketleme y\u00f6ntemleri kullan\u0131larak sunulur.<\/p>\n<\/h1>\n<\/li>\n<li>\n<h1><strong>Tah\u0131llar ve baklagiller: <\/strong>Pirin\u00e7, mercimek, nohut ve fasulye, en iyi \u00e7iftliklerden \u00fcretilmi\u015f ve \u00e7e\u015fitli yemeklerde kullan\u0131lmaya haz\u0131r.<\/p>\n<\/h1>\n<\/li>\n<\/ul>\n<h1>Geli\u015fmi\u015f ve verimli bir lojistik sistemi kullanarak, \u00fcr\u00fcnlerinizin en iyi durumda ula\u015fmas\u0131n\u0131 sa\u011fl\u0131yoruz. Lojistik ekibimiz, tazelik ve kaliteyi korumak ve \u00fcr\u00fcnleri m\u00fcmk\u00fcn olan en k\u0131sa s\u00fcrede hedefe ula\u015ft\u0131rmak i\u00e7in hassas bir y\u00f6netim ve g\u00fcncel ekipman kullanarak \u00e7al\u0131\u015f\u0131r.<\/p>\n<\/h1>\n<h1>Iran Rynok, hizmetlerimizi sa\u011flama konusunda kalite ve hassasiyete ba\u011fl\u0131d\u0131r. Bizimle, tar\u0131m \u00fcr\u00fcnleri sat\u0131n al\u0131m\u0131nda farkl\u0131 ve g\u00fcvenli bir deneyim ya\u015fayaca\u011f\u0131n\u0131z\u0131 garanti ediyoruz. \u0130ran Rynok&#8217;u i\u015f orta\u011f\u0131n\u0131z olarak se\u00e7ti\u011finize pi\u015fman olmayacaks\u0131n\u0131z.<\/p>\n<\/h1>\n\t\t\t\t\t\t<\/div>\n\t\t\t\t<\/div>\n\t\t\t\t<div class=\"elementor-element elementor-element-abad3ef ahura-dark-mode-filter-texts-no elementor-widget elementor-widget-button\" data-id=\"abad3ef\" data-element_type=\"widget\" data-widget_type=\"button.default\">\n\t\t\t\t<div class=\"elementor-widget-container\">\n\t\t\t\t\t<div class=\"elementor-button-wrapper\">\n\t\t\t<a class=\"elementor-button elementor-button-link elementor-size-sm\" href=\"https:\/\/wa.me\/+989214560201\">\n\t\t\t\t\t\t<span class=\"elementor-button-content-wrapper\">\n\t\t\t\t\t\t\t\t\t<span class=\"elementor-button-text\">Fiyat sorgulama ve \u00fcr\u00fcn analizi<br> <br><\/span>\n\t\t\t\t\t<\/span>\n\t\t\t\t\t<\/a>\n\t\t<\/div>\n\t\t\t\t<\/div>\n\t\t\t\t<\/div>\n\t\t\t\t<\/div>\n\t\t\t\t<\/div>\n\t\t\t\t\t<\/div>\n\t\t\t\t<\/div>\n\t\t\t\t<\/div>\n\t\t","protected":false},"excerpt":{"rendered":"<p>Iran Rynok Her zaman g\u00fcvenilir&#8230; \u0130ran Rynok&#8217;tan taze ve kaliteli tar\u0131m \u00fcr\u00fcnleri Iran Rynok olarak, \u0130ran\u2019\u0131n en iyi \u00e7iftliklerinden taze ve y\u00fcksek kaliteli tar\u0131m \u00fcr\u00fcnleri sunmaktan gurur duyuyoruz. Memnuniyetinizi sa\u011flamak&#8230;<\/p>\n","protected":false},"author":1,"featured_media":0,"parent":0,"menu_order":0,"comment_status":"closed","ping_status":"closed","template":"elementor_header_footer","meta":{"om_disable_all_campaigns":false,"_uf_show_specific_survey":0,"_uf_disable_surveys":false,"footnotes":""},"class_list":["post-1790","page","type-page","status-publish","hentry"],"aioseo_notices":[],"yoast_head":"<!-- This site is optimized with the Yoast SEO plugin v24.0 - https:\/\/yoast.com\/wordpress\/plugins\/seo\/ -->\n<title>Tar\u0131m \u00fcr\u00fcnleri  - IRAN RYNOK<\/title>\n<meta name=\"robots\" content=\"index, follow, max-snippet:-1, max-image-preview:large, max-video-preview:-1\" \/>\n<link rel=\"canonical\" href=\"https:\/\/www.iranrynok.com\/tr\/tarim-urunleri\/\" \/>\n<meta property=\"og:locale\" content=\"tr_TR\" \/>\n<meta property=\"og:type\" content=\"article\" \/>\n<meta property=\"og:title\" content=\"Tar\u0131m \u00fcr\u00fcnleri  - IRAN RYNOK\" \/>\n<meta property=\"og:description\" content=\"Iran Rynok Her zaman g\u00fcvenilir&#8230; \u0130ran Rynok&#8217;tan taze ve kaliteli tar\u0131m \u00fcr\u00fcnleri Iran Rynok olarak, \u0130ran\u2019\u0131n en iyi \u00e7iftliklerinden taze ve y\u00fcksek kaliteli tar\u0131m \u00fcr\u00fcnleri sunmaktan gurur duyuyoruz. Memnuniyetinizi sa\u011flamak...\" \/>\n<meta property=\"og:url\" content=\"https:\/\/www.iranrynok.com\/tr\/tarim-urunleri\/\" \/>\n<meta property=\"og:site_name\" content=\"IRAN RYNOK\" \/>\n<meta property=\"article:modified_time\" content=\"2024-10-31T02:29:46+00:00\" \/>\n<meta property=\"og:image\" content=\"https:\/\/www.iranrynok.com\/wp-content\/uploads\/2024\/09\/ec7c1b42-a418-4c9b-b3e3-c8a96092b51f.webp\" \/>\n\t<meta property=\"og:image:width\" content=\"1024\" \/>\n\t<meta property=\"og:image:height\" content=\"1024\" \/>\n\t<meta property=\"og:image:type\" content=\"image\/webp\" \/>\n<meta name=\"twitter:card\" content=\"summary_large_image\" \/>\n<meta name=\"twitter:label1\" content=\"Tahmini okuma s\u00fcresi\" \/>\n\t<meta name=\"twitter:data1\" content=\"1 dakika\" \/>\n<script type=\"application\/ld+json\" class=\"yoast-schema-graph\">{\"@context\":\"https:\/\/schema.org\",\"@graph\":[{\"@type\":\"WebPage\",\"@id\":\"https:\/\/www.iranrynok.com\/tr\/tarim-urunleri\/\",\"url\":\"https:\/\/www.iranrynok.com\/tr\/tarim-urunleri\/\",\"name\":\"Tar\u0131m \u00fcr\u00fcnleri - IRAN RYNOK\",\"isPartOf\":{\"@id\":\"https:\/\/www.iranrynok.com\/tr\/#website\"},\"primaryImageOfPage\":{\"@id\":\"https:\/\/www.iranrynok.com\/tr\/tarim-urunleri\/#primaryimage\"},\"image\":{\"@id\":\"https:\/\/www.iranrynok.com\/tr\/tarim-urunleri\/#primaryimage\"},\"thumbnailUrl\":\"https:\/\/www.iranrynok.com\/wp-content\/uploads\/2024\/09\/ec7c1b42-a418-4c9b-b3e3-c8a96092b51f.webp\",\"datePublished\":\"2024-09-15T09:34:31+00:00\",\"dateModified\":\"2024-10-31T02:29:46+00:00\",\"breadcrumb\":{\"@id\":\"https:\/\/www.iranrynok.com\/tr\/tarim-urunleri\/#breadcrumb\"},\"inLanguage\":\"tr\",\"potentialAction\":[{\"@type\":\"ReadAction\",\"target\":[\"https:\/\/www.iranrynok.com\/tr\/tarim-urunleri\/\"]}]},{\"@type\":\"ImageObject\",\"inLanguage\":\"tr\",\"@id\":\"https:\/\/www.iranrynok.com\/tr\/tarim-urunleri\/#primaryimage\",\"url\":\"https:\/\/www.iranrynok.com\/wp-content\/uploads\/2024\/09\/ec7c1b42-a418-4c9b-b3e3-c8a96092b51f.webp\",\"contentUrl\":\"https:\/\/www.iranrynok.com\/wp-content\/uploads\/2024\/09\/ec7c1b42-a418-4c9b-b3e3-c8a96092b51f.webp\"},{\"@type\":\"BreadcrumbList\",\"@id\":\"https:\/\/www.iranrynok.com\/tr\/tarim-urunleri\/#breadcrumb\",\"itemListElement\":[{\"@type\":\"ListItem\",\"position\":1,\"name\":\"\u062e\u0627\u0646\u0647\",\"item\":\"https:\/\/www.iranrynok.com\/tr\/ana-sayfa\/\"},{\"@type\":\"ListItem\",\"position\":2,\"name\":\"Tar\u0131m \u00fcr\u00fcnleri\"}]},{\"@type\":\"WebSite\",\"@id\":\"https:\/\/www.iranrynok.com\/tr\/#website\",\"url\":\"https:\/\/www.iranrynok.com\/tr\/\",\"name\":\"Iran Rynok\",\"description\":\"\u0130htiyac\u0131n\u0131z olan her \u015fey | \u0130hracat, \u0130thalat ve Lojistik\",\"publisher\":{\"@id\":\"https:\/\/www.iranrynok.com\/tr\/#organization\"},\"potentialAction\":[{\"@type\":\"SearchAction\",\"target\":{\"@type\":\"EntryPoint\",\"urlTemplate\":\"https:\/\/www.iranrynok.com\/tr\/?s={search_term_string}\"},\"query-input\":{\"@type\":\"PropertyValueSpecification\",\"valueRequired\":true,\"valueName\":\"search_term_string\"}}],\"inLanguage\":\"tr\"},{\"@type\":\"Organization\",\"@id\":\"https:\/\/www.iranrynok.com\/tr\/#organization\",\"name\":\"Iran Rynok\",\"url\":\"https:\/\/www.iranrynok.com\/tr\/\",\"logo\":{\"@type\":\"ImageObject\",\"inLanguage\":\"tr\",\"@id\":\"https:\/\/www.iranrynok.com\/tr\/#\/schema\/logo\/image\/\",\"url\":\"https:\/\/www.iranrynok.com\/wp-content\/uploads\/2024\/12\/cropped-Untitled-1.jpg\",\"contentUrl\":\"https:\/\/www.iranrynok.com\/wp-content\/uploads\/2024\/12\/cropped-Untitled-1.jpg\",\"width\":512,\"height\":512,\"caption\":\"Iran Rynok\"},\"image\":{\"@id\":\"https:\/\/www.iranrynok.com\/tr\/#\/schema\/logo\/image\/\"}}]}<\/script>\n<!-- \/ Yoast SEO plugin. -->","yoast_head_json":{"title":"Tar\u0131m \u00fcr\u00fcnleri  - IRAN RYNOK","robots":{"index":"index","follow":"follow","max-snippet":"max-snippet:-1","max-image-preview":"max-image-preview:large","max-video-preview":"max-video-preview:-1"},"canonical":"https:\/\/www.iranrynok.com\/tr\/tarim-urunleri\/","og_locale":"tr_TR","og_type":"article","og_title":"Tar\u0131m \u00fcr\u00fcnleri  - IRAN RYNOK","og_description":"Iran Rynok Her zaman g\u00fcvenilir&#8230; \u0130ran Rynok&#8217;tan taze ve kaliteli tar\u0131m \u00fcr\u00fcnleri Iran Rynok olarak, \u0130ran\u2019\u0131n en iyi \u00e7iftliklerinden taze ve y\u00fcksek kaliteli tar\u0131m \u00fcr\u00fcnleri sunmaktan gurur duyuyoruz. Memnuniyetinizi sa\u011flamak...","og_url":"https:\/\/www.iranrynok.com\/tr\/tarim-urunleri\/","og_site_name":"IRAN RYNOK","article_modified_time":"2024-10-31T02:29:46+00:00","og_image":[{"width":1024,"height":1024,"url":"https:\/\/www.iranrynok.com\/wp-content\/uploads\/2024\/09\/ec7c1b42-a418-4c9b-b3e3-c8a96092b51f.webp","type":"image\/webp"}],"twitter_card":"summary_large_image","twitter_misc":{"Tahmini okuma s\u00fcresi":"1 dakika"},"schema":{"@context":"https:\/\/schema.org","@graph":[{"@type":"WebPage","@id":"https:\/\/www.iranrynok.com\/tr\/tarim-urunleri\/","url":"https:\/\/www.iranrynok.com\/tr\/tarim-urunleri\/","name":"Tar\u0131m \u00fcr\u00fcnleri - IRAN RYNOK","isPartOf":{"@id":"https:\/\/www.iranrynok.com\/tr\/#website"},"primaryImageOfPage":{"@id":"https:\/\/www.iranrynok.com\/tr\/tarim-urunleri\/#primaryimage"},"image":{"@id":"https:\/\/www.iranrynok.com\/tr\/tarim-urunleri\/#primaryimage"},"thumbnailUrl":"https:\/\/www.iranrynok.com\/wp-content\/uploads\/2024\/09\/ec7c1b42-a418-4c9b-b3e3-c8a96092b51f.webp","datePublished":"2024-09-15T09:34:31+00:00","dateModified":"2024-10-31T02:29:46+00:00","breadcrumb":{"@id":"https:\/\/www.iranrynok.com\/tr\/tarim-urunleri\/#breadcrumb"},"inLanguage":"tr","potentialAction":[{"@type":"ReadAction","target":["https:\/\/www.iranrynok.com\/tr\/tarim-urunleri\/"]}]},{"@type":"ImageObject","inLanguage":"tr","@id":"https:\/\/www.iranrynok.com\/tr\/tarim-urunleri\/#primaryimage","url":"https:\/\/www.iranrynok.com\/wp-content\/uploads\/2024\/09\/ec7c1b42-a418-4c9b-b3e3-c8a96092b51f.webp","contentUrl":"https:\/\/www.iranrynok.com\/wp-content\/uploads\/2024\/09\/ec7c1b42-a418-4c9b-b3e3-c8a96092b51f.webp"},{"@type":"BreadcrumbList","@id":"https:\/\/www.iranrynok.com\/tr\/tarim-urunleri\/#breadcrumb","itemListElement":[{"@type":"ListItem","position":1,"name":"\u062e\u0627\u0646\u0647","item":"https:\/\/www.iranrynok.com\/tr\/ana-sayfa\/"},{"@type":"ListItem","position":2,"name":"Tar\u0131m \u00fcr\u00fcnleri"}]},{"@type":"WebSite","@id":"https:\/\/www.iranrynok.com\/tr\/#website","url":"https:\/\/www.iranrynok.com\/tr\/","name":"Iran Rynok","description":"\u0130htiyac\u0131n\u0131z olan her \u015fey | \u0130hracat, \u0130thalat ve Lojistik","publisher":{"@id":"https:\/\/www.iranrynok.com\/tr\/#organization"},"potentialAction":[{"@type":"SearchAction","target":{"@type":"EntryPoint","urlTemplate":"https:\/\/www.iranrynok.com\/tr\/?s={search_term_string}"},"query-input":{"@type":"PropertyValueSpecification","valueRequired":true,"valueName":"search_term_string"}}],"inLanguage":"tr"},{"@type":"Organization","@id":"https:\/\/www.iranrynok.com\/tr\/#organization","name":"Iran Rynok","url":"https:\/\/www.iranrynok.com\/tr\/","logo":{"@type":"ImageObject","inLanguage":"tr","@id":"https:\/\/www.iranrynok.com\/tr\/#\/schema\/logo\/image\/","url":"https:\/\/www.iranrynok.com\/wp-content\/uploads\/2024\/12\/cropped-Untitled-1.jpg","contentUrl":"https:\/\/www.iranrynok.com\/wp-content\/uploads\/2024\/12\/cropped-Untitled-1.jpg","width":512,"height":512,"caption":"Iran Rynok"},"image":{"@id":"https:\/\/www.iranrynok.com\/tr\/#\/schema\/logo\/image\/"}}]}},"_links":{"self":[{"href":"https:\/\/www.iranrynok.com\/tr\/wp-json\/wp\/v2\/pages\/1790","targetHints":{"allow":["GET"]}}],"collection":[{"href":"https:\/\/www.iranrynok.com\/tr\/wp-json\/wp\/v2\/pages"}],"about":[{"href":"https:\/\/www.iranrynok.com\/tr\/wp-json\/wp\/v2\/types\/page"}],"author":[{"embeddable":true,"href":"https:\/\/www.iranrynok.com\/tr\/wp-json\/wp\/v2\/users\/1"}],"replies":[{"embeddable":true,"href":"https:\/\/www.iranrynok.com\/tr\/wp-json\/wp\/v2\/comments?post=1790"}],"version-history":[{"count":7,"href":"https:\/\/www.iranrynok.com\/tr\/wp-json\/wp\/v2\/pages\/1790\/revisions"}],"predecessor-version":[{"id":2082,"href":"https:\/\/www.iranrynok.com\/tr\/wp-json\/wp\/v2\/pages\/1790\/revisions\/2082"}],"wp:attachment":[{"href":"https:\/\/www.iranrynok.com\/tr\/wp-json\/wp\/v2\/media?parent=1790"}],"curies":[{"name":"wp","href":"https:\/\/api.w.org\/{rel}","templated":true}]}}