{"id":1797,"date":"2024-09-15T14:15:58","date_gmt":"2024-09-15T10:45:58","guid":{"rendered":"https:\/\/www.iranrynok.com\/islenmis-urunler\/"},"modified":"2024-10-31T05:57:27","modified_gmt":"2024-10-31T02:27:27","slug":"islenmis-urunler","status":"publish","type":"page","link":"https:\/\/www.iranrynok.com\/tr\/islenmis-urunler\/","title":{"rendered":"\u0130\u015flenmi\u015f \u00fcr\u00fcnler<br> <br>"},"content":{"rendered":"\t\t<div data-elementor-type=\"wp-page\" data-elementor-id=\"1797\" class=\"elementor elementor-1797 elementor-1615\">\n\t\t\t\t<div class=\"elementor-element elementor-element-8ea7a67 e-flex e-con-boxed e-con e-parent\" data-id=\"8ea7a67\" data-element_type=\"container\">\n\t\t\t\t\t<div class=\"e-con-inner\">\n\t\t<div class=\"elementor-element elementor-element-0733500 e-con-full e-flex e-con e-child\" data-id=\"0733500\" data-element_type=\"container\">\n\t\t\t\t<div class=\"elementor-element elementor-element-959e6cd elementor-widget-divider--view-line ahura-dark-mode-filter-texts-no elementor-widget elementor-widget-divider\" data-id=\"959e6cd\" data-element_type=\"widget\" data-widget_type=\"divider.default\">\n\t\t\t\t<div class=\"elementor-widget-container\">\n\t\t\t\t\t<div class=\"elementor-divider\">\n\t\t\t<span class=\"elementor-divider-separator\">\n\t\t\t\t\t\t<\/span>\n\t\t<\/div>\n\t\t\t\t<\/div>\n\t\t\t\t<\/div>\n\t\t\t\t<div class=\"elementor-element elementor-element-8a77c15 ahura-dark-mode-filter-texts-no elementor-widget elementor-widget-heading\" data-id=\"8a77c15\" data-element_type=\"widget\" data-widget_type=\"heading.default\">\n\t\t\t\t<div class=\"elementor-widget-container\">\n\t\t\t<h2 class=\"elementor-heading-title elementor-size-default\">Iran Rynok<\/h2>\t\t<\/div>\n\t\t\t\t<\/div>\n\t\t\t\t<div class=\"elementor-element elementor-element-513c29c elementor-widget__width-initial elementor-widget-divider--separator-type-pattern elementor-widget-divider--no-spacing elementor-widget-divider--view-line ahura-dark-mode-filter-texts-no elementor-widget elementor-widget-divider\" data-id=\"513c29c\" data-element_type=\"widget\" data-widget_type=\"divider.default\">\n\t\t\t\t<div class=\"elementor-widget-container\">\n\t\t\t\t\t<div class=\"elementor-divider\" style=\"--divider-pattern-url: url(&quot;data:image\/svg+xml,%3Csvg xmlns=&#039;http:\/\/www.w3.org\/2000\/svg&#039; preserveAspectRatio=&#039;none&#039; overflow=&#039;visible&#039; height=&#039;100%&#039; viewBox=&#039;0 0 24 24&#039; fill=&#039;black&#039; stroke=&#039;none&#039;%3E%3Cpath d=&#039;M24,8v12H0V8H24z M24,4v1H0V4H24z&#039;\/%3E%3C\/svg%3E&quot;);\">\n\t\t\t<span class=\"elementor-divider-separator\">\n\t\t\t\t\t\t<\/span>\n\t\t<\/div>\n\t\t\t\t<\/div>\n\t\t\t\t<\/div>\n\t\t\t\t<div class=\"elementor-element elementor-element-6e72975 ahura-dark-mode-filter-texts-no elementor-widget elementor-widget-heading\" data-id=\"6e72975\" data-element_type=\"widget\" data-widget_type=\"heading.default\">\n\t\t\t\t<div class=\"elementor-widget-container\">\n\t\t\t<h2 class=\"elementor-heading-title elementor-size-default\">Her zaman g\u00fcvenilir...<br> <br><br><\/h2>\t\t<\/div>\n\t\t\t\t<\/div>\n\t\t<div class=\"elementor-element elementor-element-a5241fb e-con-full e-flex e-con e-child\" data-id=\"a5241fb\" data-element_type=\"container\">\n\t\t\t\t<div class=\"elementor-element elementor-element-aa81680 ahura-dark-mode-filter-texts-no elementor-widget elementor-widget-image\" data-id=\"aa81680\" data-element_type=\"widget\" data-widget_type=\"image.default\">\n\t\t\t\t<div class=\"elementor-widget-container\">\n\t\t\t\t\t\t\t\t\t\t\t\t\t<img fetchpriority=\"high\" decoding=\"async\" width=\"912\" height=\"1144\" src=\"https:\/\/www.iranrynok.com\/wp-content\/uploads\/2024\/10\/IRANRYNOK__Create_a_high-quality_realistic_image_of_both_co_ccb083c4-2138-4eb2-82de-8730b9fc49bf.jpg\" class=\"attachment-large size-large wp-image-1856\" alt=\"\" srcset=\"https:\/\/www.iranrynok.com\/wp-content\/uploads\/2024\/10\/IRANRYNOK__Create_a_high-quality_realistic_image_of_both_co_ccb083c4-2138-4eb2-82de-8730b9fc49bf.jpg 912w, https:\/\/www.iranrynok.com\/wp-content\/uploads\/2024\/10\/IRANRYNOK__Create_a_high-quality_realistic_image_of_both_co_ccb083c4-2138-4eb2-82de-8730b9fc49bf-768x963.jpg 768w\" sizes=\"(max-width: 912px) 100vw, 912px\" \/>\t\t\t\t\t\t\t\t\t\t\t\t\t<\/div>\n\t\t\t\t<\/div>\n\t\t\t\t<div class=\"elementor-element elementor-element-88664c0 ahura-dark-mode-filter-texts-no elementor-widget elementor-widget-text-editor\" data-id=\"88664c0\" data-element_type=\"widget\" data-widget_type=\"text-editor.default\">\n\t\t\t\t<div class=\"elementor-widget-container\">\n\t\t\t\t\t\t\t<p><strong>\u0130ran Rynok&#8217;un \u0130\u015flenmi\u015f \u00dcr\u00fcnleri<\/p>\n<p><\/strong><\/p>\n<p>\u0130ran Rynok, en y\u00fcksek kalite standartlar\u0131na sahip i\u015flenmi\u015f \u00fcr\u00fcnlerin geni\u015f bir yelpazesini gururla sunmaktad\u0131r. \u0130\u015fleme end\u00fcstrisinde \u00f6nc\u00fc olarak, hammaddelerin titizlikle se\u00e7ilmesinden \u00fcretimin son a\u015famalar\u0131na kadar kaliteye ve hassasiyete \u00f6zel bir \u00f6nem veriyoruz. \u00dcr\u00fcnlerimizin sadece ihtiya\u00e7lar\u0131n\u0131z\u0131 kar\u015f\u0131lamakla kalmay\u0131p, beklentilerinizi de a\u015fmas\u0131n\u0131 sa\u011fl\u0131yoruz.<\/p>\n<p><strong>\u0130ran Rynok&#8217;un \u0130\u015flenmi\u015f \u00dcr\u00fcnlerinin Temel \u00d6zellikleri:<\/p>\n<p><\/strong><\/p>\n<ol>\n<li>\n<p><strong>En \u0130yi Hammaddelerin Se\u00e7imi<\/strong>: Hammaddelerimizi titizlikle ve \u00f6zenle se\u00e7iyoruz. \u00dcr\u00fcnlerimiz, en iyi besin de\u011ferleri ve lezzeti sunmak i\u00e7in g\u00fcvenilir ve y\u00fcksek kaliteli kaynaklardan temin edilmektedir.<\/p>\n<\/li>\n<li>\n<p><strong>\u0130leri \u00dcretim S\u00fcreci: <\/strong>\u00dcretim s\u00fcrecimizde modern ekipmanlar ve teknolojiler kullan\u0131lmaktad\u0131r. Bu yenilikler, y\u00fcksek kaliteli ve g\u00fcvenilir \u00fcr\u00fcnler sunmam\u0131z\u0131 sa\u011flar.<\/p>\n<\/li>\n<li>\n<p><strong>S\u0131k\u0131 Kalite Kontrol\u00fc<\/strong>: \u0130ran Rynok&#8217;ta \u00fcretim s\u00fcrecinin her a\u015famas\u0131 titizlikle izlenir ve denetlenir. Size ula\u015fan her \u00fcr\u00fcn\u00fcn kalite ve standartlar a\u00e7\u0131s\u0131ndan kusursuz olmas\u0131n\u0131 garanti ediyoruz.<\/p>\n<\/li>\n<li>\n<p><strong>\u00dcr\u00fcn \u00c7e\u015fitlili\u011fi: <\/strong>\u0130\u015flenmi\u015f \u00fcr\u00fcnlerimizin yelpazesi; konserve \u00fcr\u00fcnler, haz\u0131r yemekler, baharatlar ve sofralar\u0131n\u0131za kolayca ekleyebilece\u011finiz di\u011fer g\u0131da \u00fcr\u00fcnlerini i\u00e7ermektedir.<\/p>\n<\/li>\n<li>\n<p><strong>S\u00fcrd\u00fcr\u00fclebilirlik ve Ambalaj:<\/strong> S\u00fcrd\u00fcr\u00fclebilirlik ilkelerine ba\u011fl\u0131y\u0131z ve geri d\u00f6n\u00fc\u015ft\u00fcr\u00fclebilir, \u00e7evre dostu ambalajlar kullan\u0131yoruz. Amac\u0131m\u0131z, \u00fcr\u00fcn kalitesini korurken \u00e7evresel etkileri azaltmakt\u0131r.<\/p>\n<\/li>\n<li>\n<p><strong>Lojistik ve Zaman\u0131nda Teslimat<\/strong>: Geli\u015fmi\u015f lojistik sistemimiz, i\u015flenmi\u015f \u00fcr\u00fcnlerin size g\u00fcvenli ve zaman\u0131nda ula\u015fmas\u0131n\u0131 sa\u011flar. Modern teknolojiler ve verimli bir ekipten yararlanarak, size benzersiz bir al\u0131\u015fveri\u015f deneyimi sunmak i\u00e7in teslimat s\u00fcrecini iyile\u015ftirdik.<\/p>\n<\/li>\n<\/ol>\n<p>Kalite ve yenili\u011fe odaklanan \u0130ran Rynok, d\u00fcnya standartlar\u0131nda i\u015flenmi\u015f \u00fcr\u00fcnler sunarak ihtiya\u00e7lar\u0131n\u0131z\u0131 kar\u015f\u0131lamaya haz\u0131r. Bizimle birlikte olun ve i\u015flenmi\u015f \u00fcr\u00fcnler d\u00fcnyas\u0131nda benzersiz bir deneyim ya\u015fay\u0131n.<\/p>\n\t\t\t\t\t\t<\/div>\n\t\t\t\t<\/div>\n\t\t\t\t<div class=\"elementor-element elementor-element-abad3ef ahura-dark-mode-filter-texts-no elementor-widget elementor-widget-button\" data-id=\"abad3ef\" data-element_type=\"widget\" data-widget_type=\"button.default\">\n\t\t\t\t<div class=\"elementor-widget-container\">\n\t\t\t\t\t<div class=\"elementor-button-wrapper\">\n\t\t\t<a class=\"elementor-button elementor-button-link elementor-size-sm\" href=\"https:\/\/wa.me\/+989214560201\">\n\t\t\t\t\t\t<span class=\"elementor-button-content-wrapper\">\n\t\t\t\t\t\t\t\t\t<span class=\"elementor-button-text\">Fiyat Sorgulama ve \u00dcr\u00fcn Analizi<br> <br><\/span>\n\t\t\t\t\t<\/span>\n\t\t\t\t\t<\/a>\n\t\t<\/div>\n\t\t\t\t<\/div>\n\t\t\t\t<\/div>\n\t\t\t\t<\/div>\n\t\t\t\t<\/div>\n\t\t\t\t\t<\/div>\n\t\t\t\t<\/div>\n\t\t\t\t<\/div>\n\t\t","protected":false},"excerpt":{"rendered":"<p>Iran Rynok Her zaman g\u00fcvenilir&#8230; \u0130ran Rynok&#8217;un \u0130\u015flenmi\u015f \u00dcr\u00fcnleri \u0130ran Rynok, en y\u00fcksek kalite standartlar\u0131na sahip i\u015flenmi\u015f \u00fcr\u00fcnlerin geni\u015f bir yelpazesini gururla sunmaktad\u0131r. \u0130\u015fleme end\u00fcstrisinde \u00f6nc\u00fc olarak, hammaddelerin titizlikle se\u00e7ilmesinden&#8230;<\/p>\n","protected":false},"author":1,"featured_media":0,"parent":0,"menu_order":0,"comment_status":"closed","ping_status":"closed","template":"elementor_header_footer","meta":{"om_disable_all_campaigns":false,"_uf_show_specific_survey":0,"_uf_disable_surveys":false,"footnotes":""},"class_list":["post-1797","page","type-page","status-publish","hentry"],"aioseo_notices":[],"yoast_head":"<!-- This site is optimized with the Yoast SEO plugin v24.0 - https:\/\/yoast.com\/wordpress\/plugins\/seo\/ -->\n<title>\u0130\u015flenmi\u015f \u00fcr\u00fcnler  - IRAN RYNOK<\/title>\n<meta name=\"robots\" content=\"index, follow, max-snippet:-1, max-image-preview:large, max-video-preview:-1\" \/>\n<link rel=\"canonical\" href=\"https:\/\/www.iranrynok.com\/tr\/islenmis-urunler\/\" \/>\n<meta property=\"og:locale\" content=\"tr_TR\" \/>\n<meta property=\"og:type\" content=\"article\" \/>\n<meta property=\"og:title\" content=\"\u0130\u015flenmi\u015f \u00fcr\u00fcnler  - IRAN RYNOK\" \/>\n<meta property=\"og:description\" content=\"Iran Rynok Her zaman g\u00fcvenilir&#8230; \u0130ran Rynok&#8217;un \u0130\u015flenmi\u015f \u00dcr\u00fcnleri \u0130ran Rynok, en y\u00fcksek kalite standartlar\u0131na sahip i\u015flenmi\u015f \u00fcr\u00fcnlerin geni\u015f bir yelpazesini gururla sunmaktad\u0131r. \u0130\u015fleme end\u00fcstrisinde \u00f6nc\u00fc olarak, hammaddelerin titizlikle se\u00e7ilmesinden...\" \/>\n<meta property=\"og:url\" content=\"https:\/\/www.iranrynok.com\/tr\/islenmis-urunler\/\" \/>\n<meta property=\"og:site_name\" content=\"IRAN RYNOK\" \/>\n<meta property=\"article:modified_time\" content=\"2024-10-31T02:27:27+00:00\" \/>\n<meta property=\"og:image\" content=\"https:\/\/www.iranrynok.com\/wp-content\/uploads\/2024\/10\/IRANRYNOK__Create_a_high-quality_realistic_image_of_both_co_ccb083c4-2138-4eb2-82de-8730b9fc49bf.jpg\" \/>\n\t<meta property=\"og:image:width\" content=\"912\" \/>\n\t<meta property=\"og:image:height\" content=\"1144\" \/>\n\t<meta property=\"og:image:type\" content=\"image\/jpeg\" \/>\n<meta name=\"twitter:card\" content=\"summary_large_image\" \/>\n<meta name=\"twitter:label1\" content=\"Tahmini okuma s\u00fcresi\" \/>\n\t<meta name=\"twitter:data1\" content=\"2 dakika\" \/>\n<script type=\"application\/ld+json\" class=\"yoast-schema-graph\">{\"@context\":\"https:\/\/schema.org\",\"@graph\":[{\"@type\":\"WebPage\",\"@id\":\"https:\/\/www.iranrynok.com\/tr\/islenmis-urunler\/\",\"url\":\"https:\/\/www.iranrynok.com\/tr\/islenmis-urunler\/\",\"name\":\"\u0130\u015flenmi\u015f \u00fcr\u00fcnler - IRAN RYNOK\",\"isPartOf\":{\"@id\":\"https:\/\/www.iranrynok.com\/tr\/#website\"},\"primaryImageOfPage\":{\"@id\":\"https:\/\/www.iranrynok.com\/tr\/islenmis-urunler\/#primaryimage\"},\"image\":{\"@id\":\"https:\/\/www.iranrynok.com\/tr\/islenmis-urunler\/#primaryimage\"},\"thumbnailUrl\":\"https:\/\/www.iranrynok.com\/wp-content\/uploads\/2024\/10\/IRANRYNOK__Create_a_high-quality_realistic_image_of_both_co_ccb083c4-2138-4eb2-82de-8730b9fc49bf.jpg\",\"datePublished\":\"2024-09-15T10:45:58+00:00\",\"dateModified\":\"2024-10-31T02:27:27+00:00\",\"breadcrumb\":{\"@id\":\"https:\/\/www.iranrynok.com\/tr\/islenmis-urunler\/#breadcrumb\"},\"inLanguage\":\"tr\",\"potentialAction\":[{\"@type\":\"ReadAction\",\"target\":[\"https:\/\/www.iranrynok.com\/tr\/islenmis-urunler\/\"]}]},{\"@type\":\"ImageObject\",\"inLanguage\":\"tr\",\"@id\":\"https:\/\/www.iranrynok.com\/tr\/islenmis-urunler\/#primaryimage\",\"url\":\"https:\/\/www.iranrynok.com\/wp-content\/uploads\/2024\/10\/IRANRYNOK__Create_a_high-quality_realistic_image_of_both_co_ccb083c4-2138-4eb2-82de-8730b9fc49bf.jpg\",\"contentUrl\":\"https:\/\/www.iranrynok.com\/wp-content\/uploads\/2024\/10\/IRANRYNOK__Create_a_high-quality_realistic_image_of_both_co_ccb083c4-2138-4eb2-82de-8730b9fc49bf.jpg\"},{\"@type\":\"BreadcrumbList\",\"@id\":\"https:\/\/www.iranrynok.com\/tr\/islenmis-urunler\/#breadcrumb\",\"itemListElement\":[{\"@type\":\"ListItem\",\"position\":1,\"name\":\"\u062e\u0627\u0646\u0647\",\"item\":\"https:\/\/www.iranrynok.com\/tr\/ana-sayfa\/\"},{\"@type\":\"ListItem\",\"position\":2,\"name\":\"\u0130\u015flenmi\u015f \u00fcr\u00fcnler\"}]},{\"@type\":\"WebSite\",\"@id\":\"https:\/\/www.iranrynok.com\/tr\/#website\",\"url\":\"https:\/\/www.iranrynok.com\/tr\/\",\"name\":\"Iran Rynok\",\"description\":\"\u0130htiyac\u0131n\u0131z olan her \u015fey | \u0130hracat, \u0130thalat ve Lojistik\",\"publisher\":{\"@id\":\"https:\/\/www.iranrynok.com\/tr\/#organization\"},\"potentialAction\":[{\"@type\":\"SearchAction\",\"target\":{\"@type\":\"EntryPoint\",\"urlTemplate\":\"https:\/\/www.iranrynok.com\/tr\/?s={search_term_string}\"},\"query-input\":{\"@type\":\"PropertyValueSpecification\",\"valueRequired\":true,\"valueName\":\"search_term_string\"}}],\"inLanguage\":\"tr\"},{\"@type\":\"Organization\",\"@id\":\"https:\/\/www.iranrynok.com\/tr\/#organization\",\"name\":\"Iran Rynok\",\"url\":\"https:\/\/www.iranrynok.com\/tr\/\",\"logo\":{\"@type\":\"ImageObject\",\"inLanguage\":\"tr\",\"@id\":\"https:\/\/www.iranrynok.com\/tr\/#\/schema\/logo\/image\/\",\"url\":\"https:\/\/www.iranrynok.com\/wp-content\/uploads\/2024\/12\/cropped-Untitled-1.jpg\",\"contentUrl\":\"https:\/\/www.iranrynok.com\/wp-content\/uploads\/2024\/12\/cropped-Untitled-1.jpg\",\"width\":512,\"height\":512,\"caption\":\"Iran Rynok\"},\"image\":{\"@id\":\"https:\/\/www.iranrynok.com\/tr\/#\/schema\/logo\/image\/\"}}]}<\/script>\n<!-- \/ Yoast SEO plugin. -->","yoast_head_json":{"title":"\u0130\u015flenmi\u015f \u00fcr\u00fcnler  - IRAN RYNOK","robots":{"index":"index","follow":"follow","max-snippet":"max-snippet:-1","max-image-preview":"max-image-preview:large","max-video-preview":"max-video-preview:-1"},"canonical":"https:\/\/www.iranrynok.com\/tr\/islenmis-urunler\/","og_locale":"tr_TR","og_type":"article","og_title":"\u0130\u015flenmi\u015f \u00fcr\u00fcnler  - IRAN RYNOK","og_description":"Iran Rynok Her zaman g\u00fcvenilir&#8230; \u0130ran Rynok&#8217;un \u0130\u015flenmi\u015f \u00dcr\u00fcnleri \u0130ran Rynok, en y\u00fcksek kalite standartlar\u0131na sahip i\u015flenmi\u015f \u00fcr\u00fcnlerin geni\u015f bir yelpazesini gururla sunmaktad\u0131r. \u0130\u015fleme end\u00fcstrisinde \u00f6nc\u00fc olarak, hammaddelerin titizlikle se\u00e7ilmesinden...","og_url":"https:\/\/www.iranrynok.com\/tr\/islenmis-urunler\/","og_site_name":"IRAN RYNOK","article_modified_time":"2024-10-31T02:27:27+00:00","og_image":[{"width":912,"height":1144,"url":"https:\/\/www.iranrynok.com\/wp-content\/uploads\/2024\/10\/IRANRYNOK__Create_a_high-quality_realistic_image_of_both_co_ccb083c4-2138-4eb2-82de-8730b9fc49bf.jpg","type":"image\/jpeg"}],"twitter_card":"summary_large_image","twitter_misc":{"Tahmini okuma s\u00fcresi":"2 dakika"},"schema":{"@context":"https:\/\/schema.org","@graph":[{"@type":"WebPage","@id":"https:\/\/www.iranrynok.com\/tr\/islenmis-urunler\/","url":"https:\/\/www.iranrynok.com\/tr\/islenmis-urunler\/","name":"\u0130\u015flenmi\u015f \u00fcr\u00fcnler - IRAN RYNOK","isPartOf":{"@id":"https:\/\/www.iranrynok.com\/tr\/#website"},"primaryImageOfPage":{"@id":"https:\/\/www.iranrynok.com\/tr\/islenmis-urunler\/#primaryimage"},"image":{"@id":"https:\/\/www.iranrynok.com\/tr\/islenmis-urunler\/#primaryimage"},"thumbnailUrl":"https:\/\/www.iranrynok.com\/wp-content\/uploads\/2024\/10\/IRANRYNOK__Create_a_high-quality_realistic_image_of_both_co_ccb083c4-2138-4eb2-82de-8730b9fc49bf.jpg","datePublished":"2024-09-15T10:45:58+00:00","dateModified":"2024-10-31T02:27:27+00:00","breadcrumb":{"@id":"https:\/\/www.iranrynok.com\/tr\/islenmis-urunler\/#breadcrumb"},"inLanguage":"tr","potentialAction":[{"@type":"ReadAction","target":["https:\/\/www.iranrynok.com\/tr\/islenmis-urunler\/"]}]},{"@type":"ImageObject","inLanguage":"tr","@id":"https:\/\/www.iranrynok.com\/tr\/islenmis-urunler\/#primaryimage","url":"https:\/\/www.iranrynok.com\/wp-content\/uploads\/2024\/10\/IRANRYNOK__Create_a_high-quality_realistic_image_of_both_co_ccb083c4-2138-4eb2-82de-8730b9fc49bf.jpg","contentUrl":"https:\/\/www.iranrynok.com\/wp-content\/uploads\/2024\/10\/IRANRYNOK__Create_a_high-quality_realistic_image_of_both_co_ccb083c4-2138-4eb2-82de-8730b9fc49bf.jpg"},{"@type":"BreadcrumbList","@id":"https:\/\/www.iranrynok.com\/tr\/islenmis-urunler\/#breadcrumb","itemListElement":[{"@type":"ListItem","position":1,"name":"\u062e\u0627\u0646\u0647","item":"https:\/\/www.iranrynok.com\/tr\/ana-sayfa\/"},{"@type":"ListItem","position":2,"name":"\u0130\u015flenmi\u015f \u00fcr\u00fcnler"}]},{"@type":"WebSite","@id":"https:\/\/www.iranrynok.com\/tr\/#website","url":"https:\/\/www.iranrynok.com\/tr\/","name":"Iran Rynok","description":"\u0130htiyac\u0131n\u0131z olan her \u015fey | \u0130hracat, \u0130thalat ve Lojistik","publisher":{"@id":"https:\/\/www.iranrynok.com\/tr\/#organization"},"potentialAction":[{"@type":"SearchAction","target":{"@type":"EntryPoint","urlTemplate":"https:\/\/www.iranrynok.com\/tr\/?s={search_term_string}"},"query-input":{"@type":"PropertyValueSpecification","valueRequired":true,"valueName":"search_term_string"}}],"inLanguage":"tr"},{"@type":"Organization","@id":"https:\/\/www.iranrynok.com\/tr\/#organization","name":"Iran Rynok","url":"https:\/\/www.iranrynok.com\/tr\/","logo":{"@type":"ImageObject","inLanguage":"tr","@id":"https:\/\/www.iranrynok.com\/tr\/#\/schema\/logo\/image\/","url":"https:\/\/www.iranrynok.com\/wp-content\/uploads\/2024\/12\/cropped-Untitled-1.jpg","contentUrl":"https:\/\/www.iranrynok.com\/wp-content\/uploads\/2024\/12\/cropped-Untitled-1.jpg","width":512,"height":512,"caption":"Iran Rynok"},"image":{"@id":"https:\/\/www.iranrynok.com\/tr\/#\/schema\/logo\/image\/"}}]}},"_links":{"self":[{"href":"https:\/\/www.iranrynok.com\/tr\/wp-json\/wp\/v2\/pages\/1797","targetHints":{"allow":["GET"]}}],"collection":[{"href":"https:\/\/www.iranrynok.com\/tr\/wp-json\/wp\/v2\/pages"}],"about":[{"href":"https:\/\/www.iranrynok.com\/tr\/wp-json\/wp\/v2\/types\/page"}],"author":[{"embeddable":true,"href":"https:\/\/www.iranrynok.com\/tr\/wp-json\/wp\/v2\/users\/1"}],"replies":[{"embeddable":true,"href":"https:\/\/www.iranrynok.com\/tr\/wp-json\/wp\/v2\/comments?post=1797"}],"version-history":[{"count":8,"href":"https:\/\/www.iranrynok.com\/tr\/wp-json\/wp\/v2\/pages\/1797\/revisions"}],"predecessor-version":[{"id":2073,"href":"https:\/\/www.iranrynok.com\/tr\/wp-json\/wp\/v2\/pages\/1797\/revisions\/2073"}],"wp:attachment":[{"href":"https:\/\/www.iranrynok.com\/tr\/wp-json\/wp\/v2\/media?parent=1797"}],"curies":[{"name":"wp","href":"https:\/\/api.w.org\/{rel}","templated":true}]}}